{"id":2612,"date":"2024-03-06T12:00:47","date_gmt":"2024-03-06T12:00:47","guid":{"rendered":"http:\/\/localhost:8888\/?page_id=2612"},"modified":"2026-03-11T15:07:53","modified_gmt":"2026-03-11T15:07:53","slug":"personalized-questionnaire","status":"publish","type":"page","link":"https:\/\/zen2fit.com\/bs\/how-it-works\/personalized-questionnaire\/","title":{"rendered":"Personalizirani upitnik"},"content":{"rendered":"<div class=\"wp-block-uagb-container uagb-block-7da8d6b7 alignfull uagb-is-root-container\">\n<div class=\"wp-block-uagb-container uagb-block-7da8d6b7 alignfull uagb-is-root-container\">\n<div class=\"wp-block-uagb-advanced-heading uagb-block-8bd1f6c6 uag-blocks-common-selector\" style=\"--z-index-desktop:10;;--z-index-tablet:10;;--z-index-mobile:10;\"><h1 class=\"uagb-heading-text\">Upoznajte platformu<\/h1><\/div>\n\n\n\n<p class=\"has-text-align-center hiw-subtitle has-text-color has-link-color wp-elements-fea8061fc65aa35c1a00233a485043cb wp-block-paragraph\" style=\"color:#5b6c7e;margin-top:0px;margin-bottom:0px;padding-top:0px;padding-bottom:0px;font-size:18px\">Istra\u017eite programe vje\u017ebanja i mindfulnessa kreirane ba\u0161 za Vas - personalizirano iskustvo koje prati Va\u0161e ciljeve i podr\u017eava Vas na svakom koraku.<\/p>\n\n\n\n<div class=\"wp-block-uagb-image uagb-block-aff21ab6 wp-block-uagb-image--layout-default wp-block-uagb-image--effect-static wp-block-uagb-image--align-none hiw-purple-circle\"><figure class=\"wp-block-uagb-image__figure\"><img loading=\"lazy\" decoding=\"async\" srcset=\"https:\/\/zen2fit.com\/wp-content\/uploads\/2024\/06\/Ellipse-63-1.svg ,https:\/\/zen2fit.com\/wp-content\/uploads\/2024\/06\/Ellipse-63-1.svg 780w, https:\/\/zen2fit.com\/wp-content\/uploads\/2024\/06\/Ellipse-63-1.svg 360w\" sizes=\"auto, (max-width: 480px) 150px\" src=\"https:\/\/zen2fit.com\/wp-content\/uploads\/2024\/06\/Ellipse-63-1.svg\" alt=\"\" class=\"uag-image-5633\" width=\"290\" height=\"275\" title=\"Elipsa 63\" role=\"img\"><\/figure><\/div>\n<\/div>\n\n\n\n<div class=\"wp-block-uagb-container z-10 uagb-block-134f6d88 alignfull uagb-is-root-container\"><div class=\"uagb-container-inner-blocks-wrap\"><style>.kb-row-layout-id2612_44ffbe-4e > .kt-row-column-wrap{align-content:start;}:where(.kb-row-layout-id2612_44ffbe-4e > .kt-row-column-wrap) > .wp-block-kadence-column{justify-content:start;}.kb-row-layout-id2612_44ffbe-4e > .kt-row-column-wrap{column-gap:var(--global-kb-gap-md, 2rem);row-gap:var(--global-kb-gap-md, 2rem);padding-top:var(--global-kb-spacing-sm, 1.5rem);padding-right:var(--global-kb-spacing-sm, 1.5rem);padding-bottom:var(--global-kb-spacing-sm, 1.5rem);padding-left:var(--global-kb-spacing-sm, 1.5rem);grid-template-columns:minmax(0, 1fr) minmax(0, 2fr);}.kb-row-layout-id2612_44ffbe-4e > .kt-row-layout-overlay{opacity:0.30;}@media all and (max-width: 1024px){.kb-row-layout-id2612_44ffbe-4e > .kt-row-column-wrap{grid-template-columns:minmax(0, 1fr) minmax(0, 2fr);}}@media all and (max-width: 767px){.kb-row-layout-id2612_44ffbe-4e > .kt-row-column-wrap{padding-right:0px;padding-bottom:0px;padding-left:0px;grid-template-columns:minmax(0, 1fr);}}<\/style><div class=\"kb-row-layout-wrap kb-row-layout-id2612_44ffbe-4e alignnone z-10 wp-block-kadence-rowlayout\"><div class=\"kt-row-column-wrap kt-has-2-columns kt-row-layout-right-golden kt-tab-layout-inherit kt-mobile-layout-row kt-row-valign-top\">\n<style>.kadence-column2612_16e08c-a8 > .kt-inside-inner-col{display:flex;}.kadence-column2612_16e08c-a8 > .kt-inside-inner-col{padding-right:var(--global-kb-spacing-sm, 1.5rem);padding-bottom:var(--global-kb-spacing-sm, 1.5rem);padding-left:var(--global-kb-spacing-sm, 1.5rem);}.kadence-column2612_16e08c-a8 > .kt-inside-inner-col,.kadence-column2612_16e08c-a8 > .kt-inside-inner-col:before{border-top-left-radius:0px;border-top-right-radius:0px;border-bottom-right-radius:0px;border-bottom-left-radius:0px;}.kadence-column2612_16e08c-a8 > .kt-inside-inner-col{row-gap:var(--global-kb-gap-none, 0rem );column-gap:var(--global-kb-gap-sm, 1rem);}.kadence-column2612_16e08c-a8 > .kt-inside-inner-col{flex-direction:column;justify-content:flex-start;align-items:flex-start;}.kadence-column2612_16e08c-a8 > .kt-inside-inner-col > .kb-image-is-ratio-size{align-self:stretch;}.kadence-column2612_16e08c-a8 > .kt-inside-inner-col > .wp-block-kadence-advancedgallery{align-self:stretch;}.kadence-column2612_16e08c-a8 > .kt-inside-inner-col > .aligncenter{width:100%;}.kt-row-column-wrap > .kadence-column2612_16e08c-a8{align-self:flex-start;}.kt-inner-column-height-full:not(.kt-has-1-columns) > .wp-block-kadence-column.kadence-column2612_16e08c-a8{align-self:auto;}.kt-inner-column-height-full:not(.kt-has-1-columns) > .wp-block-kadence-column.kadence-column2612_16e08c-a8 > .kt-inside-inner-col{flex-direction:column;justify-content:flex-start;}.kadence-column2612_16e08c-a8 > .kt-inside-inner-col{background-color:rgba(255, 255, 255, 0);}.kadence-column2612_16e08c-a8 > .kt-inside-inner-col:before{opacity:0.3;}.kadence-column2612_16e08c-a8{position:relative;}@media all and (max-width: 1024px){.kt-row-column-wrap > .kadence-column2612_16e08c-a8{align-self:flex-start;}}@media all and (max-width: 1024px){.kt-inner-column-height-full:not(.kt-has-1-columns) > .wp-block-kadence-column.kadence-column2612_16e08c-a8{align-self:auto;}}@media all and (max-width: 1024px){.kt-inner-column-height-full:not(.kt-has-1-columns) > .wp-block-kadence-column.kadence-column2612_16e08c-a8 > .kt-inside-inner-col{flex-direction:column;justify-content:flex-start;}}@media all and (max-width: 1024px){.kadence-column2612_16e08c-a8 > .kt-inside-inner-col{flex-direction:column;justify-content:flex-start;align-items:flex-start;}}@media all and (max-width: 767px){.kt-row-column-wrap > .kadence-column2612_16e08c-a8{align-self:flex-start;}.kt-inner-column-height-full:not(.kt-has-1-columns) > .wp-block-kadence-column.kadence-column2612_16e08c-a8{align-self:auto;}.kt-inner-column-height-full:not(.kt-has-1-columns) > .wp-block-kadence-column.kadence-column2612_16e08c-a8 > .kt-inside-inner-col{flex-direction:column;justify-content:flex-start;}.kadence-column2612_16e08c-a8 > .kt-inside-inner-col{flex-direction:column;justify-content:flex-start;align-items:flex-start;}}<\/style>\n<div class=\"wp-block-kadence-column kadence-column2612_16e08c-a8\"><div class=\"kt-inside-inner-col\">\n<p class=\"mb-0 text-decoration has-theme-palette-2-color has-text-color has-link-color wp-elements-fe964c3c31e3df0f36e6a7727cde09aa wp-block-paragraph\" style=\"padding-top:0px;padding-right:0px;padding-bottom:0px;padding-left:0px;font-style:normal;font-weight:500;text-decoration:none\"><a href=\"https:\/\/zen2fit.com\/bs\/how-it-works\/personalized-questionnaire\/\" data-type=\"link\" data-id=\"https:\/\/zen2fit.com\/how-it-works\/personalized-questionnaire\/\">Personalizirani upitnik<\/a><\/p>\n\n\n\n<p class=\"mb-0 text-decoration has-theme-palette-2-color has-text-color has-link-color wp-elements-61c522454bcbd9e81f0b61e1324e3f41 wp-block-paragraph\" style=\"text-decoration:none\"><a href=\"https:\/\/zen2fit.com\/bs\/how-it-works\/tailored-programs\/\" data-type=\"page\" data-id=\"7828\">Personalizirani programi<\/a><\/p>\n\n\n\n<p class=\"mb-0 text-decoration has-theme-palette-2-color has-text-color has-link-color wp-elements-96267698345f1160163d4fb6de23bf09 wp-block-paragraph\" style=\"text-decoration:none\"><a href=\"https:\/\/zen2fit.com\/bs\/how-it-works\/sync-with-apple-health\/\" data-type=\"page\" data-id=\"2657\">Sinhronizacija sa Apple Healthom<\/a><\/p>\n\n\n\n<p class=\"mb-0 text-decoration has-theme-palette-2-color has-text-color has-link-color wp-elements-514e6a65c08bc070edfe3393413f524a wp-block-paragraph\" style=\"text-decoration:none\"><a href=\"https:\/\/zen2fit.com\/bs\/how-it-works\/dnevni-i-sedmicni-ciljevi\/\" data-type=\"page\" data-id=\"2661\">Dnevni i sedmi\u010dni ciljevi<\/a><\/p>\n\n\n\n<p class=\"mb-0 text-decoration has-theme-palette-2-color has-text-color has-link-color wp-elements-9d3dcb346c0b9f12435fbad19a445433 wp-block-paragraph\"><a href=\"https:\/\/zen2fit.com\/bs\/how-it-works\/takmicite-se-za-nagrade\/\" data-type=\"page\" data-id=\"2665\">Osvojite nagrade<\/a><\/p>\n<\/div><\/div>\n\n\n<style>.kadence-column2612_ef700a-e6 > .kt-inside-inner-col{border-top:0px solid var(--global-palette7, #EDF2F7);border-right:0px solid var(--global-palette7, #EDF2F7);border-bottom:0px solid var(--global-palette7, #EDF2F7);border-left:1px solid var(--global-palette7, #EDF2F7);}.kadence-column2612_ef700a-e6 > .kt-inside-inner-col,.kadence-column2612_ef700a-e6 > .kt-inside-inner-col:before{border-top-left-radius:0px;border-top-right-radius:0px;border-bottom-right-radius:0px;border-bottom-left-radius:0px;}.kadence-column2612_ef700a-e6 > .kt-inside-inner-col{column-gap:var(--global-kb-gap-sm, 1rem);}.kadence-column2612_ef700a-e6 > .kt-inside-inner-col{flex-direction:column;}.kadence-column2612_ef700a-e6 > .kt-inside-inner-col > .aligncenter{width:100%;}.kadence-column2612_ef700a-e6 > .kt-inside-inner-col{background-color:rgba(255, 255, 255, 0);}.kadence-column2612_ef700a-e6 > .kt-inside-inner-col:before{opacity:0.3;}.kadence-column2612_ef700a-e6{position:relative;}@media all and (max-width: 1024px){.kadence-column2612_ef700a-e6 > .kt-inside-inner-col{border-top:0px solid var(--global-palette7, #EDF2F7);border-right:0px solid var(--global-palette7, #EDF2F7);border-bottom:0px solid var(--global-palette7, #EDF2F7);border-left:0px solid var(--global-palette7, #EDF2F7);flex-direction:column;justify-content:center;}}@media all and (max-width: 767px){.kadence-column2612_ef700a-e6 > .kt-inside-inner-col{border-top:0px solid var(--global-palette7, #EDF2F7);border-right:0px solid var(--global-palette7, #EDF2F7);border-bottom:0px solid var(--global-palette7, #EDF2F7);border-left:0px solid var(--global-palette7, #EDF2F7);flex-direction:column;justify-content:center;}}.kt-inside-inner-col{padding-left: 24px !important;padding-bottom: 24px;padding-right: 24px;}<\/style>\n<div class=\"wp-block-kadence-column kadence-column2612_ef700a-e6\"><div class=\"kt-inside-inner-col\">\n<div class=\"wp-block-uagb-advanced-heading uagb-block-ada2d54e\"><h2 class=\"uagb-heading-text\">Personalizirani upitnik<\/h2><\/div>\n\n\n\n<figure class=\"wp-block-video\"><video height=\"1080\" style=\"aspect-ratio: 1920 \/ 1080;\" width=\"1920\" controls poster=\"https:\/\/zen2fit.com\/wp-content\/uploads\/2026\/03\/hiw-personalized-questionnaire-with-subtitles.mp4\" src=\"https:\/\/zen2fit.com\/wp-content\/uploads\/2026\/03\/hiw-personalized-questionnaire-with-subtitles.mp4\"><\/video><\/figure>\n\n\n\n<div class=\"wp-block-uagb-buttons uagb-buttons__outer-wrap uagb-btn__default-btn uagb-btn-tablet__default-btn uagb-btn-mobile__default-btn uagb-block-2f2a62d2 personalized-program-button\"><div class=\"uagb-buttons__wrap uagb-buttons-layout-wrap\">\n<div class=\"wp-block-uagb-buttons-child uagb-buttons__outer-wrap uagb-block-80a8b4ef wp-block-button\"><div class=\"uagb-button__wrapper\"><a class=\"uagb-buttons-repeater wp-block-button__link\" aria-label=\"\" href=\"https:\/\/app.zen2fit.com\/register\" rel=\"follow noopener\" target=\"_self\" role=\"button\"><div class=\"uagb-button__link\">Nabavite svoj personalizirani program<\/div><\/a><\/div><\/div>\n<\/div><\/div>\n\n\n\n<p class=\"mb-0 has-theme-palette-2-color has-text-color has-link-color wp-elements-4890247901106cdf9a6dfb73c7749063 wp-block-paragraph\" style=\"font-size:16px\">Hvala Vam \u0161to ste odabrali Custom pretplatu na Zen2Fit platformi.<\/p>\n\n\n\n<p class=\"wp-block-paragraph\">Zen2Fit nudi razli\u010dite modele pretplate, uklju\u010duju\u0107i i Essential opciju sa unaprijed definisanim programima. Custom pretplata je namijenjena onima koji \u017eele individualan pristup i plan kreiran isklju\u010divo prema njihovim potrebama.<\/p>\n\n\n\n<p class=\"wp-block-paragraph\">Va\u0161 put transformacije je li\u010dan i jedinstven. Svaka osoba se nalazi u druga\u010dijoj fazi, sa razli\u010ditim nivoom kondicije, navikama, energijom i ciljevima. Upravo zato Zen2Fit kroz personalizirani upitnik najprije procjenjuje Va\u0161e trenutno stanje.<\/p>\n\n\n\n<p class=\"wp-block-paragraph\">Nakon registracije, na po\u010detnoj stranici potrebno je da prvo ispunite detaljniji upitnik koji obuhvata fizi\u010dke procjene, nivo aktivnosti, sastav tijela (uz opciju analize fotografije) te Va\u0161e wellbeing ciljeve. Nakon \u0161to zavr\u0161ite taj korak, na istoj po\u010detnoj stranici bit \u0107e Vam dostupan i kra\u0107i upitnik fokusiran na mindfulness segment.<\/p>\n\n\n\n<p class=\"wp-block-paragraph\">Odvojite nekoliko minuta i pa\u017eljivo odgovorite na pitanja.<br>\u0160to preciznije podijelite informacije, to \u0107e Va\u0161 program biti personaliziraniji i efikasniji.<\/p>\n\n\n\n<p class=\"wp-block-paragraph\">Ovo je Va\u0161 individualni wellbeing put, a mi smo tu da Vas vodimo kroz svaki korak.<\/p>\n<\/div><\/div>\n\n<\/div><\/div><\/div><\/div>\n<\/div>","protected":false},"excerpt":{"rendered":"<p>Personalized Questionnaire Tailored Programs Sync with apple health Daily and Weekly goals Compete for rewards Personalized Questionnaire Thank you for choosing the Custom subscription on the Zen2Fit platform. Zen2Fit offers different subscription models, including the Essential option with predefined programs. The Custom subscription is designed for those who want a fully individualized approach and a&#8230;<\/p>","protected":false},"author":1,"featured_media":0,"parent":2651,"menu_order":0,"comment_status":"closed","ping_status":"closed","template":"","meta":{"_crdt_document":"","_uag_custom_page_level_css":"","_kad_post_transparent":"disable","_kad_post_title":"","_kad_post_layout":"fullwidth","_kad_post_sidebar_id":"sidebar-primary","_kad_post_content_style":"unboxed","_kad_post_vertical_padding":"hide","_kad_post_feature":"","_kad_post_feature_position":"","_kad_post_header":false,"_kad_post_footer":false,"footnotes":""},"class_list":["post-2612","page","type-page","status-publish","hentry"],"uagb_featured_image_src":{"full":false,"thumbnail":false,"medium":false,"medium_large":false,"large":false,"1536x1536":false,"2048x2048":false,"trp-custom-language-flag":false,"depicter-thumbnail":false,"custom-featured-image":false,"gform-image-choice-sm":false,"gform-image-choice-md":false,"gform-image-choice-lg":false,"crp_thumbnail":false},"uagb_author_info":{"display_name":"Adrienn Wolf","author_link":"https:\/\/zen2fit.com\/bs\/author\/amilaljutovic\/"},"uagb_comment_info":0,"uagb_excerpt":"Personalized Questionnaire Tailored Programs Sync with apple health Daily and Weekly goals Compete for rewards Personalized Questionnaire Thank you for choosing the Custom subscription on the Zen2Fit platform. Zen2Fit offers different subscription models, including the Essential option with predefined programs. The Custom subscription is designed for those who want a fully individualized approach and a...","_links":{"self":[{"href":"https:\/\/zen2fit.com\/bs\/wp-json\/wp\/v2\/pages\/2612","targetHints":{"allow":["GET"]}}],"collection":[{"href":"https:\/\/zen2fit.com\/bs\/wp-json\/wp\/v2\/pages"}],"about":[{"href":"https:\/\/zen2fit.com\/bs\/wp-json\/wp\/v2\/types\/page"}],"author":[{"embeddable":true,"href":"https:\/\/zen2fit.com\/bs\/wp-json\/wp\/v2\/users\/1"}],"replies":[{"embeddable":true,"href":"https:\/\/zen2fit.com\/bs\/wp-json\/wp\/v2\/comments?post=2612"}],"version-history":[{"count":1,"href":"https:\/\/zen2fit.com\/bs\/wp-json\/wp\/v2\/pages\/2612\/revisions"}],"predecessor-version":[{"id":11453,"href":"https:\/\/zen2fit.com\/bs\/wp-json\/wp\/v2\/pages\/2612\/revisions\/11453"}],"up":[{"embeddable":true,"href":"https:\/\/zen2fit.com\/bs\/wp-json\/wp\/v2\/pages\/2651"}],"wp:attachment":[{"href":"https:\/\/zen2fit.com\/bs\/wp-json\/wp\/v2\/media?parent=2612"}],"curies":[{"name":"wp","href":"https:\/\/api.w.org\/{rel}","templated":true}]}}