{"id":2657,"date":"2024-03-08T11:48:32","date_gmt":"2024-03-08T11:48:32","guid":{"rendered":"http:\/\/localhost:8888\/?page_id=2657"},"modified":"2026-03-11T07:29:28","modified_gmt":"2026-03-11T07:29:28","slug":"sync-with-apple-health","status":"publish","type":"page","link":"https:\/\/zen2fit.com\/bs\/how-it-works\/sync-with-apple-health\/","title":{"rendered":"Sinhronizacija sa Apple Healthom"},"content":{"rendered":"<div class=\"wp-block-uagb-container uagb-block-7da8d6b7 alignfull uagb-is-root-container\">\n<div class=\"wp-block-uagb-advanced-heading uagb-block-8bd1f6c6 uag-blocks-common-selector\" style=\"--z-index-desktop:10;;--z-index-tablet:10;;--z-index-mobile:10;\"><h1 class=\"uagb-heading-text\">Upoznajte platformu<\/h1><\/div>\n\n\n\n<p class=\"has-text-align-center hiw-subtitle has-text-color has-link-color wp-elements-fea8061fc65aa35c1a00233a485043cb wp-block-paragraph\" style=\"color:#5b6c7e;margin-top:0px;margin-bottom:0px;padding-top:0px;padding-bottom:0px;font-size:18px\">Istra\u017eite programe vje\u017ebanja i mindfulnessa kreirane ba\u0161 za Vas - personalizirano iskustvo koje prati Va\u0161e ciljeve i podr\u017eava Vas na svakom koraku.<\/p>\n\n\n\n<div class=\"wp-block-uagb-image uagb-block-aff21ab6 wp-block-uagb-image--layout-default wp-block-uagb-image--effect-static wp-block-uagb-image--align-none hiw-purple-circle\"><figure class=\"wp-block-uagb-image__figure\"><img loading=\"lazy\" decoding=\"async\" srcset=\"https:\/\/zen2fit.com\/wp-content\/uploads\/2024\/06\/Ellipse-63-1.svg ,https:\/\/zen2fit.com\/wp-content\/uploads\/2024\/06\/Ellipse-63-1.svg 780w, https:\/\/zen2fit.com\/wp-content\/uploads\/2024\/06\/Ellipse-63-1.svg 360w\" sizes=\"auto, (max-width: 480px) 150px\" src=\"https:\/\/zen2fit.com\/wp-content\/uploads\/2024\/06\/Ellipse-63-1.svg\" alt=\"\" class=\"uag-image-5633\" width=\"290\" height=\"275\" title=\"Elipsa 63\" role=\"img\"><\/figure><\/div>\n<\/div>\n\n\n\n<div class=\"wp-block-uagb-container z-10 uagb-block-134f6d88 alignfull uagb-is-root-container\"><div class=\"uagb-container-inner-blocks-wrap\"><style>.kb-row-layout-id2657_b1e439-8a > .kt-row-column-wrap{align-content:start;}:where(.kb-row-layout-id2657_b1e439-8a > .kt-row-column-wrap) > .wp-block-kadence-column{justify-content:start;}.kb-row-layout-id2657_b1e439-8a > .kt-row-column-wrap{column-gap:var(--global-kb-gap-md, 2rem);row-gap:var(--global-kb-gap-md, 2rem);padding-top:var(--global-kb-spacing-sm, 1.5rem);padding-bottom:var(--global-kb-spacing-sm, 1.5rem);grid-template-columns:minmax(0, 1fr) minmax(0, 2fr);}.kb-row-layout-id2657_b1e439-8a{background-color:rgba(0,0,0,0);}.kb-row-layout-id2657_b1e439-8a > .kt-row-layout-overlay{opacity:0.30;}@media all and (max-width: 1024px){.kb-row-layout-id2657_b1e439-8a > .kt-row-column-wrap{grid-template-columns:minmax(0, 1fr) minmax(0, 2fr);}}@media all and (max-width: 767px){.kb-row-layout-id2657_b1e439-8a > .kt-row-column-wrap{padding-top:20px;padding-right:0px;padding-bottom:0px;padding-left:0px;grid-template-columns:minmax(0, 1fr);}}<\/style><div class=\"kb-row-layout-wrap kb-row-layout-id2657_b1e439-8a alignnone kt-row-has-bg z-10 wp-block-kadence-rowlayout\"><div class=\"kt-row-column-wrap kt-has-2-columns kt-row-layout-right-golden kt-tab-layout-inherit kt-mobile-layout-row kt-row-valign-top\">\n<style>.kadence-column2657_72eb2a-63 > .kt-inside-inner-col{display:flex;}.kadence-column2657_72eb2a-63 > .kt-inside-inner-col,.kadence-column2657_72eb2a-63 > .kt-inside-inner-col:before{border-top-left-radius:0px;border-top-right-radius:0px;border-bottom-right-radius:0px;border-bottom-left-radius:0px;}.kadence-column2657_72eb2a-63 > .kt-inside-inner-col{row-gap:var(--global-kb-gap-none, 0rem );column-gap:var(--global-kb-gap-sm, 1rem);}.kadence-column2657_72eb2a-63 > .kt-inside-inner-col{flex-direction:column;justify-content:flex-start;align-items:flex-start;}.kadence-column2657_72eb2a-63 > .kt-inside-inner-col > .kb-image-is-ratio-size{align-self:stretch;}.kadence-column2657_72eb2a-63 > .kt-inside-inner-col > .wp-block-kadence-advancedgallery{align-self:stretch;}.kadence-column2657_72eb2a-63 > .kt-inside-inner-col > .aligncenter{width:100%;}.kt-row-column-wrap > .kadence-column2657_72eb2a-63{align-self:flex-start;}.kt-inner-column-height-full:not(.kt-has-1-columns) > .wp-block-kadence-column.kadence-column2657_72eb2a-63{align-self:auto;}.kt-inner-column-height-full:not(.kt-has-1-columns) > .wp-block-kadence-column.kadence-column2657_72eb2a-63 > .kt-inside-inner-col{flex-direction:column;justify-content:flex-start;}.kadence-column2657_72eb2a-63 > .kt-inside-inner-col{background-color:rgba(255, 255, 255, 0);}.kadence-column2657_72eb2a-63 > .kt-inside-inner-col:before{opacity:0.3;}.kadence-column2657_72eb2a-63{position:relative;}@media all and (max-width: 1024px){.kt-row-column-wrap > .kadence-column2657_72eb2a-63{align-self:flex-start;}}@media all and (max-width: 1024px){.kt-inner-column-height-full:not(.kt-has-1-columns) > .wp-block-kadence-column.kadence-column2657_72eb2a-63{align-self:auto;}}@media all and (max-width: 1024px){.kt-inner-column-height-full:not(.kt-has-1-columns) > .wp-block-kadence-column.kadence-column2657_72eb2a-63 > .kt-inside-inner-col{flex-direction:column;justify-content:flex-start;}}@media all and (max-width: 1024px){.kadence-column2657_72eb2a-63 > .kt-inside-inner-col{flex-direction:column;justify-content:flex-start;align-items:flex-start;}}@media all and (max-width: 767px){.kt-row-column-wrap > .kadence-column2657_72eb2a-63{align-self:flex-start;}.kt-inner-column-height-full:not(.kt-has-1-columns) > .wp-block-kadence-column.kadence-column2657_72eb2a-63{align-self:auto;}.kt-inner-column-height-full:not(.kt-has-1-columns) > .wp-block-kadence-column.kadence-column2657_72eb2a-63 > .kt-inside-inner-col{flex-direction:column;justify-content:flex-start;}.kadence-column2657_72eb2a-63 > .kt-inside-inner-col{flex-direction:column;justify-content:flex-start;align-items:flex-start;}}<\/style>\n<div class=\"wp-block-kadence-column kadence-column2657_72eb2a-63\"><div class=\"kt-inside-inner-col\">\n<p class=\"mb-0 text-decoration has-theme-palette-2-color has-text-color has-link-color wp-elements-4ace3ccf6095e3b77168a28748a0866d wp-block-paragraph\" style=\"padding-top:0px;padding-right:0px;padding-bottom:0px;padding-left:0px;text-decoration:none\"><a href=\"https:\/\/zen2fit.com\/bs\/how-it-works\/personalized-questionnaire\/\" data-type=\"link\" data-id=\"https:\/\/zen2fit.com\/how-it-works\/personalized-questionnaire\/\">Personalizirani upitnik<\/a><\/p>\n\n\n\n<p class=\"mb-0 text-decoration has-theme-palette-2-color has-text-color has-link-color wp-elements-a1ebcda1823a15ea0672a47d15650f87 wp-block-paragraph\" style=\"padding-top:0px;padding-right:0px;padding-bottom:0px;padding-left:0px;text-decoration:none\"><a href=\"https:\/\/zen2fit.com\/bs\/how-it-works\/tailored-programs\/\" data-type=\"page\" data-id=\"7828\">Personalizirani programi<\/a><\/p>\n\n\n\n<p class=\"mb-0 text-decoration has-theme-palette-2-color has-text-color has-link-color wp-elements-4609055ead5d8e0e8f7732c29c4ff002 wp-block-paragraph\" style=\"font-style:normal;font-weight:500;text-decoration:none\"><a href=\"https:\/\/zen2fit.com\/bs\/how-it-works\/sync-with-apple-health\/\" data-type=\"link\" data-id=\"https:\/\/zen2fit.com\/how-it-works\/sync-with-apple-health\/\">Sinhronizacija sa Apple Healthom<\/a><\/p>\n\n\n\n<p class=\"mb-0 text-decoration has-theme-palette-2-color has-text-color has-link-color wp-elements-026b52da376909cc4dae9685ffdb971f wp-block-paragraph\" style=\"text-decoration:none\"><a href=\"https:\/\/zen2fit.com\/bs\/how-it-works\/dnevni-i-sedmicni-ciljevi\/\" data-type=\"link\" data-id=\"https:\/\/zen2fit.com\/how-it-works\/daily-and-weekly-goals\/\">Dnevni i sedmi\u010dni ciljevi<\/a><\/p>\n\n\n\n<p class=\"mb-0 text-decoration has-theme-palette-2-color has-text-color has-link-color wp-elements-0ba741454d0371c8ecef494473433d3c wp-block-paragraph\"><a href=\"https:\/\/zen2fit.com\/bs\/how-it-works\/takmicite-se-za-nagrade\/\" data-type=\"link\" data-id=\"https:\/\/zen2fit.com\/how-it-works\/offline-access\/\">Osvojite nagrade<\/a><\/p>\n<\/div><\/div>\n\n\n<style>.kadence-column2657_c6e7d1-e9 > .kt-inside-inner-col{padding-left:24px;}.kadence-column2657_c6e7d1-e9 > .kt-inside-inner-col{border-top:0px solid var(--global-palette7, #EDF2F7);border-right:0px solid var(--global-palette7, #EDF2F7);border-bottom:0px solid var(--global-palette7, #EDF2F7);border-left:1px solid var(--global-palette7, #EDF2F7);}.kadence-column2657_c6e7d1-e9 > .kt-inside-inner-col,.kadence-column2657_c6e7d1-e9 > .kt-inside-inner-col:before{border-top-left-radius:0px;border-top-right-radius:0px;border-bottom-right-radius:0px;border-bottom-left-radius:0px;}.kadence-column2657_c6e7d1-e9 > .kt-inside-inner-col{column-gap:var(--global-kb-gap-sm, 1rem);}.kadence-column2657_c6e7d1-e9 > .kt-inside-inner-col{flex-direction:column;}.kadence-column2657_c6e7d1-e9 > .kt-inside-inner-col > .aligncenter{width:100%;}.kadence-column2657_c6e7d1-e9 > .kt-inside-inner-col{background-color:rgba(255, 255, 255, 0);}.kadence-column2657_c6e7d1-e9 > .kt-inside-inner-col:before{opacity:0.3;}.kadence-column2657_c6e7d1-e9{position:relative;}@media all and (max-width: 1024px){.kadence-column2657_c6e7d1-e9 > .kt-inside-inner-col{border-top:0px solid var(--global-palette7, #EDF2F7);border-right:0px solid var(--global-palette7, #EDF2F7);border-bottom:0px solid var(--global-palette7, #EDF2F7);border-left:0px solid var(--global-palette7, #EDF2F7);flex-direction:column;justify-content:center;}}@media all and (max-width: 767px){.kadence-column2657_c6e7d1-e9 > .kt-inside-inner-col{border-top:0px solid var(--global-palette7, #EDF2F7);border-right:0px solid var(--global-palette7, #EDF2F7);border-bottom:0px solid var(--global-palette7, #EDF2F7);border-left:0px solid var(--global-palette7, #EDF2F7);flex-direction:column;justify-content:center;}}.kt-inside-inner-col{padding-left: 24px !important;padding-bottom: 24px;padding-right: 24px;}<\/style>\n<div class=\"wp-block-kadence-column kadence-column2657_c6e7d1-e9\"><div class=\"kt-inside-inner-col\">\n<div class=\"wp-block-uagb-advanced-heading uagb-block-ada2d54e\"><h2 class=\"uagb-heading-text\">Sinhronizacija s Apple Health aplikacijom<\/h2><\/div>\n\n\n\n<figure class=\"wp-block-video\"><video height=\"1080\" style=\"aspect-ratio: 1920 \/ 1080;\" width=\"1920\" autoplay controls src=\"https:\/\/zen2fit.com\/wp-content\/uploads\/2026\/03\/hiw-sync-with-apple-health-with-subtitles-bhs.mp4\"><\/video><\/figure>\n\n\n\n<div class=\"wp-block-uagb-buttons uagb-buttons__outer-wrap uagb-btn__default-btn uagb-btn-tablet__default-btn uagb-btn-mobile__default-btn uagb-block-2f2a62d2 personalized-program-button\"><div class=\"uagb-buttons__wrap uagb-buttons-layout-wrap\">\n<div class=\"wp-block-uagb-buttons-child uagb-buttons__outer-wrap uagb-block-80a8b4ef wp-block-button\"><div class=\"uagb-button__wrapper\"><a class=\"uagb-buttons-repeater wp-block-button__link\" aria-label=\"\" href=\"https:\/\/app.zen2fit.com\/register\" rel=\"follow noopener\" target=\"_self\" role=\"button\"><div class=\"uagb-button__link\">Nabavite svoj personalizirani program<\/div><\/a><\/div><\/div>\n<\/div><\/div>\n\n\n\n<p class=\"mb-0 has-theme-palette-2-color has-text-color has-link-color wp-elements-483a009af932af79aff58f9668a39110 wp-block-paragraph\" style=\"padding-top:20px;font-size:16px\">Zen2Fit omogu\u0107ava integraciju s Apple Health aplikacijom, pru\u017eaju\u0107i Vam uvide u realnom vremenu tokom treninga. Sinhronizacijom s Va\u0161im Apple satom, aplikacija prikazuje otkucaje srca direktno na ekranu mobilne aplikacije tokom svake sesije.<\/p>\n\n\n\n<p class=\"has-theme-palette-2-color has-text-color has-link-color wp-elements-3b63a8a6b9210f59200f5e4d85f0a2f4 wp-block-paragraph\">Ova funkcionalnost poma\u017ee Vam da ostanete unutar svoje ciljane zone otkucaja srca i trenirate svjesno, u skladu sa svojim nivoom kondicije i postavljenim ciljevima.<\/p>\n\n\n\n<p class=\"has-theme-palette-2-color has-text-color has-link-color wp-elements-329b3f98d3a90333ea9c87325a7b35e2 wp-block-paragraph\">Kako bi pra\u0107enje bilo jednostavno i intuitivno, Zen2Fit koristi semafor indikatore - zelena, \u017euta i crvena zona jasno pokazuju da li ste u optimalnom rasponu ili je potrebno prilagoditi intenzitet. Odr\u017eavanje treninga unutar ciljane zone doprinosi efikasnijem sagorijevanju kalorija i unapre\u0111enju kardiovaskularne izdr\u017eljivosti.<\/p>\n\n\n\n<p class=\"has-theme-palette-2-color has-text-color has-link-color wp-elements-9ad1c7b9d8844cafdb39f6f3e071c41f wp-block-paragraph\">Ovakav pristup omogu\u0107ava Vam da svaki trening bude strukturiran, kontrolisan i usmjeren na rezultat, bez naga\u0111anja, uz jasne smjernice u svakom trenutku.<\/p>\n\n\n\n<p class=\"has-theme-palette-2-color has-text-color has-link-color wp-elements-df3c6f6f6486952400fc63e93df822a7 wp-block-paragraph\">Preporu\u010dujemo da pove\u017eete svoj ure\u0111aj kako biste u potpunosti iskoristili mogu\u0107nosti pra\u0107enja tokom treninga.<br>Napomena: funkcija sinhronizacije trenutno je kompatibilna isklju\u010divo s Apple satom i nije podr\u017eana za druge nosive ure\u0111aje.<\/p>\n\n\n\n<p class=\"has-theme-palette-2-color has-text-color has-link-color wp-elements-253c0d44a1828f0040907cd66c0a943c wp-block-paragraph\">Zen2Fit Vam pru\u017ea podatke. Vi donosite odluke.<\/p>\n<\/div><\/div>\n\n<\/div><\/div><\/div><\/div>","protected":false},"excerpt":{"rendered":"<p>Personalized Questionnaire Tailored Programs Sync with apple health Daily and Weekly goals Compete for rewards Sync with Apple Health Zen2Fit integrates with the Apple Health app, providing you with real-time insights during your workouts. By syncing with your Apple Watch, the app displays your heart rate directly on your mobile screen throughout each session. This&#8230;<\/p>","protected":false},"author":1,"featured_media":0,"parent":2651,"menu_order":0,"comment_status":"closed","ping_status":"closed","template":"","meta":{"_crdt_document":"","_uag_custom_page_level_css":"","_kad_post_transparent":"disable","_kad_post_title":"hide","_kad_post_layout":"fullwidth","_kad_post_sidebar_id":"","_kad_post_content_style":"unboxed","_kad_post_vertical_padding":"hide","_kad_post_feature":"","_kad_post_feature_position":"","_kad_post_header":false,"_kad_post_footer":false,"footnotes":""},"class_list":["post-2657","page","type-page","status-publish","hentry"],"uagb_featured_image_src":{"full":false,"thumbnail":false,"medium":false,"medium_large":false,"large":false,"1536x1536":false,"2048x2048":false,"trp-custom-language-flag":false,"depicter-thumbnail":false,"custom-featured-image":false,"gform-image-choice-sm":false,"gform-image-choice-md":false,"gform-image-choice-lg":false,"crp_thumbnail":false},"uagb_author_info":{"display_name":"Adrienn Wolf","author_link":"https:\/\/zen2fit.com\/bs\/author\/amilaljutovic\/"},"uagb_comment_info":0,"uagb_excerpt":"Personalized Questionnaire Tailored Programs Sync with apple health Daily and Weekly goals Compete for rewards Sync with Apple Health Zen2Fit integrates with the Apple Health app, providing you with real-time insights during your workouts. By syncing with your Apple Watch, the app displays your heart rate directly on your mobile screen throughout each session. This...","_links":{"self":[{"href":"https:\/\/zen2fit.com\/bs\/wp-json\/wp\/v2\/pages\/2657","targetHints":{"allow":["GET"]}}],"collection":[{"href":"https:\/\/zen2fit.com\/bs\/wp-json\/wp\/v2\/pages"}],"about":[{"href":"https:\/\/zen2fit.com\/bs\/wp-json\/wp\/v2\/types\/page"}],"author":[{"embeddable":true,"href":"https:\/\/zen2fit.com\/bs\/wp-json\/wp\/v2\/users\/1"}],"replies":[{"embeddable":true,"href":"https:\/\/zen2fit.com\/bs\/wp-json\/wp\/v2\/comments?post=2657"}],"version-history":[{"count":1,"href":"https:\/\/zen2fit.com\/bs\/wp-json\/wp\/v2\/pages\/2657\/revisions"}],"predecessor-version":[{"id":11426,"href":"https:\/\/zen2fit.com\/bs\/wp-json\/wp\/v2\/pages\/2657\/revisions\/11426"}],"up":[{"embeddable":true,"href":"https:\/\/zen2fit.com\/bs\/wp-json\/wp\/v2\/pages\/2651"}],"wp:attachment":[{"href":"https:\/\/zen2fit.com\/bs\/wp-json\/wp\/v2\/media?parent=2657"}],"curies":[{"name":"wp","href":"https:\/\/api.w.org\/{rel}","templated":true}]}}