{"id":2661,"date":"2024-03-08T11:51:39","date_gmt":"2024-03-08T11:51:39","guid":{"rendered":"http:\/\/localhost:8888\/?page_id=2661"},"modified":"2026-03-12T10:37:44","modified_gmt":"2026-03-12T10:37:44","slug":"dnevni-i-sedmicni-ciljevi","status":"publish","type":"page","link":"https:\/\/zen2fit.com\/bs\/how-it-works\/daily-and-weekly-goals\/","title":{"rendered":"Dnevni i sedmi\u010dni ciljevi"},"content":{"rendered":"<div class=\"wp-block-uagb-container uagb-block-7da8d6b7 alignfull uagb-is-root-container\">\n<div class=\"wp-block-uagb-advanced-heading uagb-block-8bd1f6c6 uag-blocks-common-selector\" style=\"--z-index-desktop:10;;--z-index-tablet:10;;--z-index-mobile:10;\"><h1 class=\"uagb-heading-text\">Upoznajte platformu<\/h1><\/div>\n\n\n\n<p class=\"has-text-align-center hiw-subtitle has-text-color has-link-color wp-elements-fea8061fc65aa35c1a00233a485043cb wp-block-paragraph\" style=\"color:#5b6c7e;margin-top:0px;margin-bottom:0px;padding-top:0px;padding-bottom:0px;font-size:18px\">Istra\u017eite programe vje\u017ebanja i mindfulnessa kreirane ba\u0161 za Vas - personalizirano iskustvo koje prati Va\u0161e ciljeve i podr\u017eava Vas na svakom koraku.<\/p>\n\n\n\n<div class=\"wp-block-uagb-image uagb-block-aff21ab6 wp-block-uagb-image--layout-default wp-block-uagb-image--effect-static wp-block-uagb-image--align-none hiw-purple-circle\"><figure class=\"wp-block-uagb-image__figure\"><img loading=\"lazy\" decoding=\"async\" srcset=\"https:\/\/zen2fit.com\/wp-content\/uploads\/2024\/06\/Ellipse-63-1.svg ,https:\/\/zen2fit.com\/wp-content\/uploads\/2024\/06\/Ellipse-63-1.svg 780w, https:\/\/zen2fit.com\/wp-content\/uploads\/2024\/06\/Ellipse-63-1.svg 360w\" sizes=\"auto, (max-width: 480px) 150px\" src=\"https:\/\/zen2fit.com\/wp-content\/uploads\/2024\/06\/Ellipse-63-1.svg\" alt=\"\" class=\"uag-image-5633\" width=\"290\" height=\"275\" title=\"Elipsa 63\" role=\"img\"><\/figure><\/div>\n<\/div>\n\n\n\n<div class=\"wp-block-uagb-container z-10 uagb-block-134f6d88 alignfull uagb-is-root-container\"><div class=\"uagb-container-inner-blocks-wrap\"><style>.kb-row-layout-id2661_ae6400-b7 > .kt-row-column-wrap{align-content:start;}:where(.kb-row-layout-id2661_ae6400-b7 > .kt-row-column-wrap) > .wp-block-kadence-column{justify-content:start;}.kb-row-layout-id2661_ae6400-b7 > .kt-row-column-wrap{column-gap:var(--global-kb-gap-md, 2rem);row-gap:var(--global-kb-gap-md, 2rem);padding-top:var(--global-kb-spacing-sm, 1.5rem);padding-bottom:var(--global-kb-spacing-sm, 1.5rem);grid-template-columns:minmax(0, 1fr) minmax(0, 2fr);}.kb-row-layout-id2661_ae6400-b7{background-color:rgba(0,0,0,0);}.kb-row-layout-id2661_ae6400-b7 > .kt-row-layout-overlay{opacity:0.30;}@media all and (max-width: 1024px){.kb-row-layout-id2661_ae6400-b7 > .kt-row-column-wrap{grid-template-columns:minmax(0, 1fr) minmax(0, 2fr);}}@media all and (max-width: 767px){.kb-row-layout-id2661_ae6400-b7 > .kt-row-column-wrap{padding-top:20px;padding-right:0px;padding-bottom:0px;padding-left:0px;grid-template-columns:minmax(0, 1fr);}}<\/style><div class=\"kb-row-layout-wrap kb-row-layout-id2661_ae6400-b7 alignnone kt-row-has-bg z-10 wp-block-kadence-rowlayout\"><div class=\"kt-row-column-wrap kt-has-2-columns kt-row-layout-right-golden kt-tab-layout-inherit kt-mobile-layout-row kt-row-valign-top\">\n<style>.kadence-column2661_7aad9a-d2 > .kt-inside-inner-col{display:flex;}.kadence-column2661_7aad9a-d2 > .kt-inside-inner-col,.kadence-column2661_7aad9a-d2 > .kt-inside-inner-col:before{border-top-left-radius:0px;border-top-right-radius:0px;border-bottom-right-radius:0px;border-bottom-left-radius:0px;}.kadence-column2661_7aad9a-d2 > .kt-inside-inner-col{row-gap:var(--global-kb-gap-none, 0rem );column-gap:var(--global-kb-gap-sm, 1rem);}.kadence-column2661_7aad9a-d2 > .kt-inside-inner-col{flex-direction:column;justify-content:flex-start;align-items:flex-start;}.kadence-column2661_7aad9a-d2 > .kt-inside-inner-col > .kb-image-is-ratio-size{align-self:stretch;}.kadence-column2661_7aad9a-d2 > .kt-inside-inner-col > .wp-block-kadence-advancedgallery{align-self:stretch;}.kadence-column2661_7aad9a-d2 > .kt-inside-inner-col > .aligncenter{width:100%;}.kt-row-column-wrap > .kadence-column2661_7aad9a-d2{align-self:flex-start;}.kt-inner-column-height-full:not(.kt-has-1-columns) > .wp-block-kadence-column.kadence-column2661_7aad9a-d2{align-self:auto;}.kt-inner-column-height-full:not(.kt-has-1-columns) > .wp-block-kadence-column.kadence-column2661_7aad9a-d2 > .kt-inside-inner-col{flex-direction:column;justify-content:flex-start;}.kadence-column2661_7aad9a-d2 > .kt-inside-inner-col{background-color:rgba(255, 255, 255, 0);}.kadence-column2661_7aad9a-d2 > .kt-inside-inner-col:before{opacity:0.3;}.kadence-column2661_7aad9a-d2{position:relative;}@media all and (max-width: 1024px){.kt-row-column-wrap > .kadence-column2661_7aad9a-d2{align-self:flex-start;}}@media all and (max-width: 1024px){.kt-inner-column-height-full:not(.kt-has-1-columns) > .wp-block-kadence-column.kadence-column2661_7aad9a-d2{align-self:auto;}}@media all and (max-width: 1024px){.kt-inner-column-height-full:not(.kt-has-1-columns) > .wp-block-kadence-column.kadence-column2661_7aad9a-d2 > .kt-inside-inner-col{flex-direction:column;justify-content:flex-start;}}@media all and (max-width: 1024px){.kadence-column2661_7aad9a-d2 > .kt-inside-inner-col{flex-direction:column;justify-content:flex-start;align-items:flex-start;}}@media all and (max-width: 767px){.kt-row-column-wrap > .kadence-column2661_7aad9a-d2{align-self:flex-start;}.kt-inner-column-height-full:not(.kt-has-1-columns) > .wp-block-kadence-column.kadence-column2661_7aad9a-d2{align-self:auto;}.kt-inner-column-height-full:not(.kt-has-1-columns) > .wp-block-kadence-column.kadence-column2661_7aad9a-d2 > .kt-inside-inner-col{flex-direction:column;justify-content:flex-start;}.kadence-column2661_7aad9a-d2 > .kt-inside-inner-col{flex-direction:column;justify-content:flex-start;align-items:flex-start;}}<\/style>\n<div class=\"wp-block-kadence-column kadence-column2661_7aad9a-d2\"><div class=\"kt-inside-inner-col\">\n<p class=\"mb-0 text-decoration has-theme-palette-2-color has-text-color has-link-color wp-elements-4ace3ccf6095e3b77168a28748a0866d wp-block-paragraph\" style=\"padding-top:0px;padding-right:0px;padding-bottom:0px;padding-left:0px;text-decoration:none\"><a href=\"https:\/\/zen2fit.com\/bs\/how-it-works\/personalized-questionnaire\/\" data-type=\"link\" data-id=\"https:\/\/zen2fit.com\/how-it-works\/personalized-questionnaire\/\">Personalizirani upitnik<\/a><\/p>\n\n\n\n<p class=\"mb-0 text-decoration has-theme-palette-2-color has-text-color has-link-color wp-elements-a1ebcda1823a15ea0672a47d15650f87 wp-block-paragraph\" style=\"padding-top:0px;padding-right:0px;padding-bottom:0px;padding-left:0px;text-decoration:none\"><a href=\"https:\/\/zen2fit.com\/bs\/how-it-works\/tailored-programs\/\" data-type=\"page\" data-id=\"7828\">Personalizirani programi<\/a><\/p>\n\n\n\n<p class=\"mb-0 text-decoration has-theme-palette-2-color has-text-color has-link-color wp-elements-080aa3f0f1affb570f8f32390da5d8e2 wp-block-paragraph\" style=\"text-decoration:none\"><a href=\"https:\/\/zen2fit.com\/bs\/how-it-works\/sync-with-apple-health\/\" data-type=\"link\" data-id=\"https:\/\/zen2fit.com\/how-it-works\/sync-with-apple-health\/\">Sinhronizacija sa Apple Healthom<\/a><\/p>\n\n\n\n<p class=\"mb-0 text-decoration has-theme-palette-2-color has-text-color has-link-color wp-elements-da367c61d6c59c3902ecf8fd3dd73c8b wp-block-paragraph\" style=\"font-style:normal;font-weight:500;text-decoration:none\"><a href=\"https:\/\/zen2fit.com\/bs\/how-it-works\/dnevni-i-sedmicni-ciljevi\/\" data-type=\"link\" data-id=\"https:\/\/zen2fit.com\/how-it-works\/daily-and-weekly-goals\/\">Dnevni i sedmi\u010dni ciljevi<\/a><\/p>\n\n\n\n<p class=\"mb-0 text-decoration has-theme-palette-2-color has-text-color has-link-color wp-elements-2e357fba4daaf8da127f6e9bd744096e wp-block-paragraph\"><a href=\"https:\/\/zen2fit.com\/bs\/how-it-works\/takmicite-se-za-nagrade\/\" data-type=\"link\" data-id=\"https:\/\/zen2fit.com\/how-it-works\/offline-access\/\">Compete for <\/a><a href=\"https:\/\/zen2fit.com\/bs\/how-it-works\/takmicite-se-za-nagrade\/\" data-type=\"link\" data-id=\"https:\/\/zen2fit.com\/how-it-works\/offline-access\/\">rewards<\/a><\/p>\n<\/div><\/div>\n\n\n<style>.kadence-column2661_a1ec15-93 > .kt-inside-inner-col{border-top:0px solid var(--global-palette7, #EDF2F7);border-right:0px solid var(--global-palette7, #EDF2F7);border-bottom:0px solid var(--global-palette7, #EDF2F7);border-left:1px solid var(--global-palette7, #EDF2F7);}.kadence-column2661_a1ec15-93 > .kt-inside-inner-col,.kadence-column2661_a1ec15-93 > .kt-inside-inner-col:before{border-top-left-radius:0px;border-top-right-radius:0px;border-bottom-right-radius:0px;border-bottom-left-radius:0px;}.kadence-column2661_a1ec15-93 > .kt-inside-inner-col{column-gap:var(--global-kb-gap-sm, 1rem);}.kadence-column2661_a1ec15-93 > .kt-inside-inner-col{flex-direction:column;}.kadence-column2661_a1ec15-93 > .kt-inside-inner-col > .aligncenter{width:100%;}.kadence-column2661_a1ec15-93 > .kt-inside-inner-col{background-color:rgba(255, 255, 255, 0);}.kadence-column2661_a1ec15-93 > .kt-inside-inner-col:before{opacity:0.3;}.kadence-column2661_a1ec15-93{position:relative;}@media all and (max-width: 1024px){.kadence-column2661_a1ec15-93 > .kt-inside-inner-col{border-top:0px solid var(--global-palette7, #EDF2F7);border-right:0px solid var(--global-palette7, #EDF2F7);border-bottom:0px solid var(--global-palette7, #EDF2F7);border-left:0px solid var(--global-palette7, #EDF2F7);flex-direction:column;justify-content:center;}}@media all and (max-width: 767px){.kadence-column2661_a1ec15-93 > .kt-inside-inner-col{border-top:0px solid var(--global-palette7, #EDF2F7);border-right:0px solid var(--global-palette7, #EDF2F7);border-bottom:0px solid var(--global-palette7, #EDF2F7);border-left:0px solid var(--global-palette7, #EDF2F7);flex-direction:column;justify-content:center;}}.kt-inside-inner-col{padding-left: 24px !important;padding-bottom: 24px;padding-right: 24px;}<\/style>\n<div class=\"wp-block-kadence-column kadence-column2661_a1ec15-93\"><div class=\"kt-inside-inner-col\">\n<div class=\"wp-block-uagb-advanced-heading uagb-block-ada2d54e\"><h2 class=\"uagb-heading-text\">Dnevni i sedmi\u010dni ciljevi<\/h2><\/div>\n\n\n\n<figure class=\"wp-block-video\"><video height=\"1080\" style=\"aspect-ratio: 1920 \/ 1080;\" width=\"1920\" autoplay controls src=\"https:\/\/zen2fit.com\/wp-content\/uploads\/2026\/03\/hiw-daily-and-weekly-goals-with-subtitles-bhs.mp4\"><\/video><\/figure>\n\n\n\n<div class=\"wp-block-uagb-buttons uagb-buttons__outer-wrap uagb-btn__default-btn uagb-btn-tablet__default-btn uagb-btn-mobile__default-btn uagb-block-2f2a62d2 personalized-program-button\"><div class=\"uagb-buttons__wrap uagb-buttons-layout-wrap\">\n<div class=\"wp-block-uagb-buttons-child uagb-buttons__outer-wrap uagb-block-80a8b4ef wp-block-button\"><div class=\"uagb-button__wrapper\"><a class=\"uagb-buttons-repeater wp-block-button__link\" aria-label=\"\" href=\"https:\/\/app.zen2fit.com\/register\" rel=\"follow noopener\" target=\"_self\" role=\"button\"><div class=\"uagb-button__link\">Nabavite svoj personalizirani program<\/div><\/a><\/div><\/div>\n<\/div><\/div>\n\n\n\n<p class=\"mb-0 has-theme-palette-2-color has-text-color has-link-color wp-elements-a1abfa3c26d1f152ee96a08cd9d3bbeb wp-block-paragraph\" style=\"padding-top:20px;font-size:16px\">Zen2Fit Vam poma\u017ee da ostanete na pravom putu kroz dnevne i sedmi\u010dne ciljeve prilago\u0111ene Va\u0161em li\u010dnom fitness putovanju.<\/p>\n\n\n\n<p class=\"has-theme-palette-2-color has-text-color has-link-color wp-elements-8d4edb73071147b1c5c5fc8ee42cdbbb wp-block-paragraph\">Ovi ciljevi nisu usmjereni isklju\u010divo na fizi\u010dku aktivnost. Uklju\u010duju i va\u017ene \u017eivotne navike, poput redovne hidratacije i balansiranih obroka, jer vjerujemo da odr\u017eivi rezultati dolaze iz cjelovitog pristupa.<\/p>\n\n\n\n<p class=\"has-theme-palette-2-color has-text-color has-link-color wp-elements-503f97bfefd6af908052807ca68be4a0 wp-block-paragraph\">Aplikacija automatski prati Va\u0161 napredak kroz zavr\u0161ene treninge i mindfulness sesije, koji se ura\u010dunavaju u ispunjavanje Va\u0161ih dnevnih i sedmi\u010dnih ciljeva. Svaki zavr\u0161eni trening ili meditacija automatski se bilje\u017ee kao Va\u0161 korak naprijed.<\/p>\n\n\n\n<p class=\"has-theme-palette-2-color has-text-color has-link-color wp-elements-83b4c4479cd08b67039f6101ffce4cc9 wp-block-paragraph\">Dodatno, imate mogu\u0107nost da ru\u010dno evidentirate navike poput unosa vode i zdravih obroka, \u010dime aktivno gradite disciplinu i svijest o svakodnevnim izborima. Pra\u0107enje ovih elemenata poma\u017ee Vam da odr\u017eite kontinuitet i u segmentu kretanja i u segmentu brige o sebi.<\/p>\n\n\n\n<p class=\"has-theme-palette-2-color has-text-color has-link-color wp-elements-206eea924737cacf5a0f36f6a5b130d1 wp-block-paragraph\">Kombinacija fizi\u010dke aktivnosti, mindfulnessa i zdravih navika stvara holisti\u010dki sistem podr\u0161ke koji omogu\u0107ava stabilan i dugoro\u010dan napredak.<\/p>\n\n\n\n<p class=\"has-theme-palette-2-color has-text-color has-link-color wp-elements-24ca8f3b366957c4d803b4a49f9b791d wp-block-paragraph\">Sa Zen2Fit-om dobijate jasan, strukturiran i prakti\u010dan plan koji Vam olak\u0161ava da ostanete motivisani i da postepeno unapre\u0111ujete svoj \u017eivotni stil - korak po korak.<\/p>\n<\/div><\/div>\n\n<\/div><\/div><\/div><\/div>","protected":false},"excerpt":{"rendered":"<p>Personalized Questionnaire Tailored Programs Sync with apple health Daily and Weekly goals Compete for rewards Daily and Weekly Goals Zen2Fit helps you stay on track through daily and weekly goals tailored to your personal fitness journey. These goals are not focused solely on physical activity. They also include important lifestyle habits, such as regular hydration&#8230;<\/p>","protected":false},"author":1,"featured_media":0,"parent":2651,"menu_order":0,"comment_status":"closed","ping_status":"closed","template":"","meta":{"_crdt_document":"","_uag_custom_page_level_css":"","_kad_post_transparent":"","_kad_post_title":"","_kad_post_layout":"fullwidth","_kad_post_sidebar_id":"","_kad_post_content_style":"unboxed","_kad_post_vertical_padding":"","_kad_post_feature":"","_kad_post_feature_position":"","_kad_post_header":true,"_kad_post_footer":false,"footnotes":""},"class_list":["post-2661","page","type-page","status-publish","hentry"],"uagb_featured_image_src":{"full":false,"thumbnail":false,"medium":false,"medium_large":false,"large":false,"1536x1536":false,"2048x2048":false,"trp-custom-language-flag":false,"depicter-thumbnail":false,"custom-featured-image":false,"gform-image-choice-sm":false,"gform-image-choice-md":false,"gform-image-choice-lg":false,"crp_thumbnail":false},"uagb_author_info":{"display_name":"Adrienn Wolf","author_link":"https:\/\/zen2fit.com\/bs\/author\/amilaljutovic\/"},"uagb_comment_info":0,"uagb_excerpt":"Personalized Questionnaire Tailored Programs Sync with apple health Daily and Weekly goals Compete for rewards Daily and Weekly Goals Zen2Fit helps you stay on track through daily and weekly goals tailored to your personal fitness journey. These goals are not focused solely on physical activity. They also include important lifestyle habits, such as regular hydration...","_links":{"self":[{"href":"https:\/\/zen2fit.com\/bs\/wp-json\/wp\/v2\/pages\/2661","targetHints":{"allow":["GET"]}}],"collection":[{"href":"https:\/\/zen2fit.com\/bs\/wp-json\/wp\/v2\/pages"}],"about":[{"href":"https:\/\/zen2fit.com\/bs\/wp-json\/wp\/v2\/types\/page"}],"author":[{"embeddable":true,"href":"https:\/\/zen2fit.com\/bs\/wp-json\/wp\/v2\/users\/1"}],"replies":[{"embeddable":true,"href":"https:\/\/zen2fit.com\/bs\/wp-json\/wp\/v2\/comments?post=2661"}],"version-history":[{"count":2,"href":"https:\/\/zen2fit.com\/bs\/wp-json\/wp\/v2\/pages\/2661\/revisions"}],"predecessor-version":[{"id":11456,"href":"https:\/\/zen2fit.com\/bs\/wp-json\/wp\/v2\/pages\/2661\/revisions\/11456"}],"up":[{"embeddable":true,"href":"https:\/\/zen2fit.com\/bs\/wp-json\/wp\/v2\/pages\/2651"}],"wp:attachment":[{"href":"https:\/\/zen2fit.com\/bs\/wp-json\/wp\/v2\/media?parent=2661"}],"curies":[{"name":"wp","href":"https:\/\/api.w.org\/{rel}","templated":true}]}}