{"id":2665,"date":"2024-03-08T11:54:46","date_gmt":"2024-03-08T11:54:46","guid":{"rendered":"http:\/\/localhost:8888\/?page_id=2665"},"modified":"2026-03-11T07:34:51","modified_gmt":"2026-03-11T07:34:51","slug":"takmicite-se-za-nagrade","status":"publish","type":"page","link":"https:\/\/zen2fit.com\/bs\/how-it-works\/compete-for-rewards\/","title":{"rendered":"Osvojite nagrade"},"content":{"rendered":"<div class=\"wp-block-uagb-container uagb-block-7da8d6b7 alignfull uagb-is-root-container\">\n<div class=\"wp-block-uagb-advanced-heading uagb-block-8bd1f6c6 uag-blocks-common-selector\" style=\"--z-index-desktop:10;;--z-index-tablet:10;;--z-index-mobile:10;\"><h1 class=\"uagb-heading-text\">Upoznajte platformu<\/h1><\/div>\n\n\n\n<p class=\"has-text-align-center hiw-subtitle has-text-color has-link-color wp-elements-fea8061fc65aa35c1a00233a485043cb wp-block-paragraph\" style=\"color:#5b6c7e;margin-top:0px;margin-bottom:0px;padding-top:0px;padding-bottom:0px;font-size:18px\">Istra\u017eite programe vje\u017ebanja i mindfulnessa kreirane ba\u0161 za Vas - personalizirano iskustvo koje prati Va\u0161e ciljeve i podr\u017eava Vas na svakom koraku.<\/p>\n\n\n\n<div class=\"wp-block-uagb-image uagb-block-aff21ab6 wp-block-uagb-image--layout-default wp-block-uagb-image--effect-static wp-block-uagb-image--align-none hiw-purple-circle\"><figure class=\"wp-block-uagb-image__figure\"><img loading=\"lazy\" decoding=\"async\" srcset=\"https:\/\/zen2fit.com\/wp-content\/uploads\/2024\/06\/Ellipse-63-1.svg ,https:\/\/zen2fit.com\/wp-content\/uploads\/2024\/06\/Ellipse-63-1.svg 780w, https:\/\/zen2fit.com\/wp-content\/uploads\/2024\/06\/Ellipse-63-1.svg 360w\" sizes=\"auto, (max-width: 480px) 150px\" src=\"https:\/\/zen2fit.com\/wp-content\/uploads\/2024\/06\/Ellipse-63-1.svg\" alt=\"\" class=\"uag-image-5633\" width=\"290\" height=\"275\" title=\"Elipsa 63\" role=\"img\"><\/figure><\/div>\n<\/div>\n\n\n\n<div class=\"wp-block-uagb-container z-10 uagb-block-134f6d88 alignfull uagb-is-root-container\"><div class=\"uagb-container-inner-blocks-wrap\"><style>.kb-row-layout-id2665_d09f2e-03 > .kt-row-column-wrap{align-content:start;}:where(.kb-row-layout-id2665_d09f2e-03 > .kt-row-column-wrap) > .wp-block-kadence-column{justify-content:start;}.kb-row-layout-id2665_d09f2e-03 > .kt-row-column-wrap{column-gap:var(--global-kb-gap-md, 2rem);row-gap:var(--global-kb-gap-md, 2rem);padding-top:var(--global-kb-spacing-sm, 1.5rem);padding-bottom:var(--global-kb-spacing-sm, 1.5rem);grid-template-columns:minmax(0, 1fr) minmax(0, 2fr);}.kb-row-layout-id2665_d09f2e-03{background-color:rgba(0,0,0,0);}.kb-row-layout-id2665_d09f2e-03 > .kt-row-layout-overlay{opacity:0.30;}@media all and (max-width: 1024px){.kb-row-layout-id2665_d09f2e-03 > .kt-row-column-wrap{grid-template-columns:minmax(0, 1fr) minmax(0, 2fr);}}@media all and (max-width: 767px){.kb-row-layout-id2665_d09f2e-03 > .kt-row-column-wrap{padding-top:0px;padding-right:0px;padding-bottom:0px;padding-left:0px;grid-template-columns:minmax(0, 1fr);}}<\/style><div class=\"kb-row-layout-wrap kb-row-layout-id2665_d09f2e-03 alignnone kt-row-has-bg z-10 wp-block-kadence-rowlayout\"><div class=\"kt-row-column-wrap kt-has-2-columns kt-row-layout-right-golden kt-tab-layout-inherit kt-mobile-layout-row kt-row-valign-top\">\n<style>.kadence-column2665_bf311a-cf > .kt-inside-inner-col{display:flex;}.kadence-column2665_bf311a-cf > .kt-inside-inner-col,.kadence-column2665_bf311a-cf > .kt-inside-inner-col:before{border-top-left-radius:0px;border-top-right-radius:0px;border-bottom-right-radius:0px;border-bottom-left-radius:0px;}.kadence-column2665_bf311a-cf > .kt-inside-inner-col{row-gap:var(--global-kb-gap-none, 0rem );column-gap:var(--global-kb-gap-sm, 1rem);}.kadence-column2665_bf311a-cf > .kt-inside-inner-col{flex-direction:column;justify-content:flex-start;align-items:flex-start;}.kadence-column2665_bf311a-cf > .kt-inside-inner-col > .kb-image-is-ratio-size{align-self:stretch;}.kadence-column2665_bf311a-cf > .kt-inside-inner-col > .wp-block-kadence-advancedgallery{align-self:stretch;}.kadence-column2665_bf311a-cf > .kt-inside-inner-col > .aligncenter{width:100%;}.kt-row-column-wrap > .kadence-column2665_bf311a-cf{align-self:flex-start;}.kt-inner-column-height-full:not(.kt-has-1-columns) > .wp-block-kadence-column.kadence-column2665_bf311a-cf{align-self:auto;}.kt-inner-column-height-full:not(.kt-has-1-columns) > .wp-block-kadence-column.kadence-column2665_bf311a-cf > .kt-inside-inner-col{flex-direction:column;justify-content:flex-start;}.kadence-column2665_bf311a-cf > .kt-inside-inner-col{background-color:rgba(255, 255, 255, 0);}.kadence-column2665_bf311a-cf > .kt-inside-inner-col:before{opacity:0.3;}.kadence-column2665_bf311a-cf{position:relative;}@media all and (max-width: 1024px){.kt-row-column-wrap > .kadence-column2665_bf311a-cf{align-self:flex-start;}}@media all and (max-width: 1024px){.kt-inner-column-height-full:not(.kt-has-1-columns) > .wp-block-kadence-column.kadence-column2665_bf311a-cf{align-self:auto;}}@media all and (max-width: 1024px){.kt-inner-column-height-full:not(.kt-has-1-columns) > .wp-block-kadence-column.kadence-column2665_bf311a-cf > .kt-inside-inner-col{flex-direction:column;justify-content:flex-start;}}@media all and (max-width: 1024px){.kadence-column2665_bf311a-cf > .kt-inside-inner-col{flex-direction:column;justify-content:flex-start;align-items:flex-start;}}@media all and (max-width: 767px){.kt-row-column-wrap > .kadence-column2665_bf311a-cf{align-self:flex-start;}.kt-inner-column-height-full:not(.kt-has-1-columns) > .wp-block-kadence-column.kadence-column2665_bf311a-cf{align-self:auto;}.kt-inner-column-height-full:not(.kt-has-1-columns) > .wp-block-kadence-column.kadence-column2665_bf311a-cf > .kt-inside-inner-col{flex-direction:column;justify-content:flex-start;}.kadence-column2665_bf311a-cf > .kt-inside-inner-col{flex-direction:column;justify-content:flex-start;align-items:flex-start;}}<\/style>\n<div class=\"wp-block-kadence-column kadence-column2665_bf311a-cf\"><div class=\"kt-inside-inner-col\">\n<p class=\"mb-0 text-decoration has-theme-palette-2-color has-text-color has-link-color wp-elements-53b93a37ca835cc56662cc20c0fc3fdc wp-block-paragraph\" style=\"padding-top:20px;padding-right:0px;padding-bottom:0px;padding-left:0px;text-decoration:none\"><a href=\"https:\/\/zen2fit.com\/bs\/how-it-works\/personalized-questionnaire\/\" data-type=\"page\" data-id=\"2612\">Personalizirani upitnik<\/a><\/p>\n\n\n\n<p class=\"mb-0 text-decoration has-theme-palette-2-color has-text-color has-link-color wp-elements-a1ebcda1823a15ea0672a47d15650f87 wp-block-paragraph\" style=\"padding-top:0px;padding-right:0px;padding-bottom:0px;padding-left:0px;text-decoration:none\"><a href=\"https:\/\/zen2fit.com\/bs\/how-it-works\/tailored-programs\/\" data-type=\"page\" data-id=\"7828\">Personalizirani programi<\/a><\/p>\n\n\n\n<p class=\"mb-0 text-decoration has-theme-palette-2-color has-text-color has-link-color wp-elements-080aa3f0f1affb570f8f32390da5d8e2 wp-block-paragraph\" style=\"text-decoration:none\"><a href=\"https:\/\/zen2fit.com\/bs\/how-it-works\/sync-with-apple-health\/\" data-type=\"link\" data-id=\"https:\/\/zen2fit.com\/how-it-works\/sync-with-apple-health\/\">Sinhronizacija sa Apple Healthom<\/a><\/p>\n\n\n\n<p class=\"mb-0 text-decoration has-theme-palette-2-color has-text-color has-link-color wp-elements-3216f539c325be3ac384d8247b8935b0 wp-block-paragraph\" style=\"font-style:normal;font-weight:400\"><a href=\"https:\/\/zen2fit.com\/bs\/how-it-works\/dnevni-i-sedmicni-ciljevi\/\" data-type=\"page\" data-id=\"2661\">Dnevni i sedmi\u010dni ciljevi<\/a><\/p>\n\n\n\n<p class=\"mb-0 text-decoration has-theme-palette-2-color has-text-color has-link-color wp-elements-ce6f3233fa75910756ffeda63cbff362 wp-block-paragraph\" style=\"font-style:normal;font-weight:500\"><a href=\"https:\/\/zen2fit.com\/bs\/how-it-works\/takmicite-se-za-nagrade\/\" data-type=\"link\" data-id=\"https:\/\/zen2fit.com\/how-it-works\/offline-access\/\">Osvojite nagrade<\/a><\/p>\n<\/div><\/div>\n\n\n<style>.kadence-column2665_d7aa3b-88 > .kt-inside-inner-col{border-top:0px solid var(--global-palette7, #EDF2F7);border-right:0px solid var(--global-palette7, #EDF2F7);border-bottom:0px solid var(--global-palette7, #EDF2F7);border-left:1px solid var(--global-palette7, #EDF2F7);}.kadence-column2665_d7aa3b-88 > .kt-inside-inner-col,.kadence-column2665_d7aa3b-88 > .kt-inside-inner-col:before{border-top-left-radius:0px;border-top-right-radius:0px;border-bottom-right-radius:0px;border-bottom-left-radius:0px;}.kadence-column2665_d7aa3b-88 > .kt-inside-inner-col{column-gap:var(--global-kb-gap-sm, 1rem);}.kadence-column2665_d7aa3b-88 > .kt-inside-inner-col{flex-direction:column;}.kadence-column2665_d7aa3b-88 > .kt-inside-inner-col > .aligncenter{width:100%;}.kadence-column2665_d7aa3b-88 > .kt-inside-inner-col{background-color:rgba(255, 255, 255, 0);}.kadence-column2665_d7aa3b-88 > .kt-inside-inner-col:before{opacity:0.3;}.kadence-column2665_d7aa3b-88{position:relative;}@media all and (max-width: 1024px){.kadence-column2665_d7aa3b-88 > .kt-inside-inner-col{border-top:0px solid var(--global-palette7, #EDF2F7);border-right:0px solid var(--global-palette7, #EDF2F7);border-bottom:0px solid var(--global-palette7, #EDF2F7);border-left:0px solid var(--global-palette7, #EDF2F7);flex-direction:column;justify-content:center;}}@media all and (max-width: 767px){.kadence-column2665_d7aa3b-88 > .kt-inside-inner-col{border-top:0px solid var(--global-palette7, #EDF2F7);border-right:0px solid var(--global-palette7, #EDF2F7);border-bottom:0px solid var(--global-palette7, #EDF2F7);border-left:0px solid var(--global-palette7, #EDF2F7);flex-direction:column;justify-content:center;}}.kt-inside-inner-col{padding-left: 24px !important;padding-bottom: 24px;padding-right: 24px;}<\/style>\n<div class=\"wp-block-kadence-column kadence-column2665_d7aa3b-88\"><div class=\"kt-inside-inner-col\">\n<div class=\"wp-block-uagb-advanced-heading uagb-block-ada2d54e\"><h2 class=\"uagb-heading-text\">Osvojite nagrade<\/h2><\/div>\n\n\n\n<figure class=\"wp-block-video\"><video height=\"1080\" style=\"aspect-ratio: 1920 \/ 1080;\" width=\"1920\" autoplay controls src=\"https:\/\/zen2fit.com\/wp-content\/uploads\/2026\/03\/how-it-works-compete-for-awards-with-subtitles-bhs.mp4\"><\/video><\/figure>\n\n\n\n<div class=\"wp-block-uagb-buttons uagb-buttons__outer-wrap uagb-btn__default-btn uagb-btn-tablet__default-btn uagb-btn-mobile__default-btn uagb-block-2f2a62d2 personalized-program-button\"><div class=\"uagb-buttons__wrap uagb-buttons-layout-wrap\">\n<div class=\"wp-block-uagb-buttons-child uagb-buttons__outer-wrap uagb-block-80a8b4ef wp-block-button\"><div class=\"uagb-button__wrapper\"><a class=\"uagb-buttons-repeater wp-block-button__link\" aria-label=\"\" href=\"https:\/\/app.zen2fit.com\/register\" rel=\"follow noopener\" target=\"_self\" role=\"button\"><div class=\"uagb-button__link\">Nabavite svoj personalizirani program<\/div><\/a><\/div><\/div>\n<\/div><\/div>\n\n\n\n<p class=\"mb-0 has-theme-palette-2-color has-text-color has-link-color wp-elements-366c626a5cfdfae2d5748a3bdaf9ec89 wp-block-paragraph\" style=\"padding-top:20px;font-size:16px\">Zen2Fit podsti\u010de dugoro\u010dnu posve\u0107enost kroz sistem nagra\u0111ivanja koji Va\u0161 napredak \u010dini vidljivim i dodatno motiviraju\u0107im.<\/p>\n\n\n\n<p class=\"has-theme-palette-2-color has-text-color has-link-color wp-elements-75820d4b69359a09d1b37cb2c929958f wp-block-paragraph\">Kako zavr\u0161avate treninge, ostvarujete mindfulness ciljeve i dosljedno radite na svojim navikama, prikupljate bodove koji odra\u017eavaju Va\u0161u aktivnost i anga\u017eman. Ovi bodovi se akumuliraju i omogu\u0107avaju Vam otklju\u010davanje nagrada unutar aplikacije - kao priznanje za Va\u0161u dosljednost i trud.<\/p>\n\n\n\n<p class=\"has-theme-palette-2-color has-text-color has-link-color wp-elements-20748ec26abc61f6f1fce4716b15b8e3 wp-block-paragraph\">Pored toga, platforma uklju\u010duje i element prijateljskog takmi\u010denja. Imate mogu\u0107nost da se uporedite s drugim korisnicima putem rang liste, prate\u0107i svoj napredak u odnosu na zajednicu. Ovaj segment nije fokusiran na pritisak, ve\u0107 na dodatnu motivaciju i osje\u0107aj zajedni\u0161tva.<\/p>\n\n\n\n<p class=\"has-theme-palette-2-color has-text-color has-link-color wp-elements-5737b00bce0192bb009baf53e6288610 wp-block-paragraph\">Kombinacija li\u010dnog napretka, nagrada i zajedni\u010dkog izazova stvara dinami\u010dno i podr\u017eavaju\u0107e okru\u017eenje koje Vas podsti\u010de da ostanete anga\u017eovani i dosljedni svojim ciljevima.<\/p>\n\n\n\n<p class=\"has-theme-palette-2-color has-text-color has-link-color wp-elements-e28013ac1788e9cc0a9168e50f7cd54e wp-block-paragraph\">Uz Zen2Fit, napredak je prepoznat, trud je nagra\u0111en, a motivacija dolazi iznutra, ali i iz snage zajednice.<br><\/p>\n<\/div><\/div>\n\n<\/div><\/div><\/div><\/div>","protected":false},"excerpt":{"rendered":"<p>Personalized Questionnaire Tailored Programs Sync with apple health Daily and Weekly goals Compete for rewards Compete for rewards Zen2Fit encourages long-term commitment through a reward system that makes your progress visible and even more motivating. As you complete workouts, achieve mindfulness goals, and consistently work on your habits, you earn points that reflect your activity&#8230;<\/p>","protected":false},"author":1,"featured_media":0,"parent":2651,"menu_order":0,"comment_status":"closed","ping_status":"closed","template":"","meta":{"_crdt_document":"","_uag_custom_page_level_css":"","_kad_post_transparent":"","_kad_post_title":"hide","_kad_post_layout":"fullwidth","_kad_post_sidebar_id":"","_kad_post_content_style":"unboxed","_kad_post_vertical_padding":"hide","_kad_post_feature":"","_kad_post_feature_position":"","_kad_post_header":false,"_kad_post_footer":false,"footnotes":""},"class_list":["post-2665","page","type-page","status-publish","hentry"],"uagb_featured_image_src":{"full":false,"thumbnail":false,"medium":false,"medium_large":false,"large":false,"1536x1536":false,"2048x2048":false,"trp-custom-language-flag":false,"depicter-thumbnail":false,"custom-featured-image":false,"gform-image-choice-sm":false,"gform-image-choice-md":false,"gform-image-choice-lg":false,"crp_thumbnail":false},"uagb_author_info":{"display_name":"Adrienn Wolf","author_link":"https:\/\/zen2fit.com\/bs\/author\/amilaljutovic\/"},"uagb_comment_info":0,"uagb_excerpt":"Personalized Questionnaire Tailored Programs Sync with apple health Daily and Weekly goals Compete for rewards Compete for rewards Zen2Fit encourages long-term commitment through a reward system that makes your progress visible and even more motivating. As you complete workouts, achieve mindfulness goals, and consistently work on your habits, you earn points that reflect your activity...","_links":{"self":[{"href":"https:\/\/zen2fit.com\/bs\/wp-json\/wp\/v2\/pages\/2665","targetHints":{"allow":["GET"]}}],"collection":[{"href":"https:\/\/zen2fit.com\/bs\/wp-json\/wp\/v2\/pages"}],"about":[{"href":"https:\/\/zen2fit.com\/bs\/wp-json\/wp\/v2\/types\/page"}],"author":[{"embeddable":true,"href":"https:\/\/zen2fit.com\/bs\/wp-json\/wp\/v2\/users\/1"}],"replies":[{"embeddable":true,"href":"https:\/\/zen2fit.com\/bs\/wp-json\/wp\/v2\/comments?post=2665"}],"version-history":[{"count":1,"href":"https:\/\/zen2fit.com\/bs\/wp-json\/wp\/v2\/pages\/2665\/revisions"}],"predecessor-version":[{"id":11432,"href":"https:\/\/zen2fit.com\/bs\/wp-json\/wp\/v2\/pages\/2665\/revisions\/11432"}],"up":[{"embeddable":true,"href":"https:\/\/zen2fit.com\/bs\/wp-json\/wp\/v2\/pages\/2651"}],"wp:attachment":[{"href":"https:\/\/zen2fit.com\/bs\/wp-json\/wp\/v2\/media?parent=2665"}],"curies":[{"name":"wp","href":"https:\/\/api.w.org\/{rel}","templated":true}]}}