{"id":3276,"date":"2024-03-19T13:34:25","date_gmt":"2024-03-19T13:34:25","guid":{"rendered":"https:\/\/zen2fit.com\/?page_id=3276"},"modified":"2024-11-19T15:39:52","modified_gmt":"2024-11-19T15:39:52","slug":"articles","status":"publish","type":"page","link":"https:\/\/zen2fit.com\/bs\/articles\/","title":{"rendered":"Feed"},"content":{"rendered":"<div class=\"wp-block-uagb-container uagb-block-34c97028 alignfull uagb-is-root-container\">\n<div class=\"wp-block-uagb-advanced-heading uagb-block-f1e6485b\"><h1 class=\"uagb-heading-text\">Feed \u010dlanaka<\/h1><\/div>\n\n\n<div class=\"category-list-wrapper category-code-snippet\">\r\n    <div class=\"category-list\">\r\n        <h2 onclick=\"window.location.href='https:\/\/zen2fit.com\/bs\/wellness\/'\" class=\"current-category\">Korporativni wellness<\/h2><h2 onclick=\"window.location.href='https:\/\/zen2fit.com\/bs\/hiit\/'\" class=\"category\">Visokointenzivni trening (HIIT)<\/h2><h2 onclick=\"window.location.href='https:\/\/zen2fit.com\/bs\/mindfulness\/'\" class=\"category\">Mindfulness<\/h2><h2 onclick=\"window.location.href='https:\/\/zen2fit.com\/bs\/nutrition\/'\" class=\"category\">Ishrana<\/h2><h2 onclick=\"window.location.href='https:\/\/zen2fit.com\/bs\/pilates\/'\" class=\"category\">Pilates<\/h2><h2 onclick=\"window.location.href='https:\/\/zen2fit.com\/bs\/strength-training\/'\" class=\"category\">Trening snage<\/h2><h2 onclick=\"window.location.href='https:\/\/zen2fit.com\/bs\/weight-loss\/'\" class=\"category\">Gubitak te\u017eine<\/h2><h2 onclick=\"window.location.href='https:\/\/zen2fit.com\/bs\/workouts\/'\" class=\"category\">Treninzi<\/h2><h2 onclick=\"window.location.href='https:\/\/zen2fit.com\/bs\/yoga\/'\" class=\"category\">Joga<\/h2>    <\/div>\r\n    <div class=\"gradient\"><\/div>\r\n    <img decoding=\"async\" src=\"https:\/\/zen2fit.com\/wp-content\/uploads\/2024\/03\/Chevron-right.png\" class=\"chevron-right\" style=\"display: block;\" alt=\"\" title=\"\">\r\n<\/div>\r\n<script>\r\ndocument.addEventListener('DOMContentLoaded', function() {\r\n    const chevronRight = document.querySelector(\".chevron-right\");\r\n    const categoryList = document.querySelector(\".category-list\");\r\n    const handleScrollCheck = () => {\r\n        if (categoryList.scrollWidth > categoryList.clientWidth) {\r\n            chevronRight.style.display = \"block\";\r\n        } else {\r\n            chevronRight.style.display = \"none\";\r\n        }\r\n    };\r\n    handleScrollCheck();\r\n    document.querySelector(\".chevron-right\").addEventListener(\"click\", function(event) {\r\n        event.preventDefault();\r\n        categoryList.scrollLeft += 100;\r\n    });\r\n    window.addEventListener(\"resize\", handleScrollCheck);\r\n\r\n    \/\/ Pomjeri HIIT na kraj\r\n    const hiit = Array.from(categoryList.querySelectorAll('h2')).find(h => h.textContent.trim() === 'HIIT');\r\n    if (hiit) categoryList.appendChild(hiit);\r\n});\r\n<\/script>\n\n\n\n<div class=\"wp-block-uagb-container layout-grid uagb-block-86172022\"><div class=\"cl-layout-container\" style=\"--cl-layout-padding:0px;--cl-layout-margin:0px;\"><div  class=\"cl-layout cl-layout--grid cl-layout--id-8549 cl-layout--masonry  cl-layout--col-l-3 cl-layout--col-m-3 cl-layout--col-s-2 cl-layout--col-xs-1\"  style=\"--cl-layout-gap-c: 10px;--cl-layout-gap-r: 10px;\t\t\" ><div class=\"cl-layout__masonry-content\"><div  class=\"cl-layout__item cl-layout__item--id-11490\" ><div  class=\"cl-template cl-template--post cl-template--id-3274 cl-template--image-top\" ><div class=\"cl-element cl-element-featured_media cl-element--instance-1008  cl-element-featured_media--sizing-aspect_ratio\"><a class=\"cl-element-featured_media__anchor\" href=\"https:\/\/zen2fit.com\/bs\/rethinking-workplace-stress-a-leadership-and-organizational-challenge\/\" title=\"Stres na radnom mjestu: Izazov liderstva i organizacije\"><div class=\"cl-element-featured_media__image\" style=\"background-image: url(https:\/\/zen2fit.com\/wp-content\/uploads\/2026\/03\/123685-1024x683.jpg)\" role=\"img\" aria-label=\"Radnica pod pritiskom - organizacijski stres poga\u0111a cijeli tim.\"><\/div><\/a><\/div><div class=\"cl-element cl-element-section cl-element--instance-1009\"><div class=\"cl-element cl-element-taxonomy cl-element--instance-1001\"><a\t\t\t class=\"cl-element-taxonomy__term\"  href=\"https:\/\/zen2fit.com\/bs\/wellness\/\" \t\t\t>\n\t\t\t\tKorporativni wellness\t\t\t<\/a><\/div><div class=\"cl-element cl-element-text cl-element--instance-1002\">od<\/div><div class=\"cl-element cl-element-author cl-element--instance-1003\"><div class=\"cl-element-author__text\">Belma Sekavi\u0107 Bandi\u0107<\/div><\/div><h3 class=\"cl-element cl-element-title cl-element--instance-1004\"><a class=\"cl-element-title__anchor\" href=\"https:\/\/zen2fit.com\/bs\/rethinking-workplace-stress-a-leadership-and-organizational-challenge\/\">Stres na radnom mjestu: Izazov liderstva i organizacije<\/a><\/h3><div class=\"cl-element cl-element-excerpt cl-element--instance-1005\">Workplace stress is no longer an individual issue. Discover why corporate wellness and employee wellbeing must be systemic, continuous, and strategically designed.<\/div><div class=\"cl-element cl-element-link cl-element--instance-1006\"><a class=\"cl-element-link__anchor\" href=\"https:\/\/zen2fit.com\/bs\/rethinking-workplace-stress-a-leadership-and-organizational-challenge\/\">Nastavi \u010ditanje<\/a><\/div><\/div><\/div><\/div><div  class=\"cl-layout__item cl-layout__item--id-11458\" ><div  class=\"cl-template cl-template--post cl-template--id-3274 cl-template--image-top\" ><div class=\"cl-element cl-element-featured_media cl-element--instance-1008  cl-element-featured_media--sizing-aspect_ratio\"><a class=\"cl-element-featured_media__anchor\" href=\"https:\/\/zen2fit.com\/bs\/employee-wellbeing-and-the-esg-social-pillar-what-every-company-needs-to-know\/\" title=\"Wellbeing zaposlenih i Socijalni ESG: \u0160ta svaka kompanija mora znati\"><div class=\"cl-element-featured_media__image\" style=\"background-image: url(https:\/\/zen2fit.com\/wp-content\/uploads\/2026\/03\/2150196658-1024x683.jpg)\" role=\"img\" aria-label=\"Objekti predstavljaju ESG okvir i ciljeve odr\u017eivof razvoja u poslovnoj okolini  - Zen2Fit Korporativni Wellness\"><\/div><\/a><\/div><div class=\"cl-element cl-element-section cl-element--instance-1009\"><div class=\"cl-element cl-element-taxonomy cl-element--instance-1001\"><a\t\t\t class=\"cl-element-taxonomy__term\"  href=\"https:\/\/zen2fit.com\/bs\/wellness\/\" \t\t\t>\n\t\t\t\tKorporativni wellness\t\t\t<\/a><\/div><div class=\"cl-element cl-element-text cl-element--instance-1002\">od<\/div><div class=\"cl-element cl-element-author cl-element--instance-1003\"><div class=\"cl-element-author__text\">Elvir Muhi\u0107<\/div><\/div><h3 class=\"cl-element cl-element-title cl-element--instance-1004\"><a class=\"cl-element-title__anchor\" href=\"https:\/\/zen2fit.com\/bs\/employee-wellbeing-and-the-esg-social-pillar-what-every-company-needs-to-know\/\">Wellbeing zaposlenih i Socijalni ESG: \u0160ta svaka kompanija mora znati<\/a><\/h3><div class=\"cl-element cl-element-excerpt cl-element--instance-1005\">Discover how ESG regulation is reshaping business and why employee wellbeing is central to the Social pillar. See how Zen2Fit supports your ESG reporting and&hellip;<\/div><div class=\"cl-element cl-element-link cl-element--instance-1006\"><a class=\"cl-element-link__anchor\" href=\"https:\/\/zen2fit.com\/bs\/employee-wellbeing-and-the-esg-social-pillar-what-every-company-needs-to-know\/\">Nastavi \u010ditanje<\/a><\/div><\/div><\/div><\/div><div  class=\"cl-layout__item cl-layout__item--id-11513\" ><div  class=\"cl-template cl-template--post cl-template--id-3274 cl-template--image-top\" ><div class=\"cl-element cl-element-featured_media cl-element--instance-1008  cl-element-featured_media--sizing-aspect_ratio\"><a class=\"cl-element-featured_media__anchor\" href=\"https:\/\/zen2fit.com\/bs\/how-to-restore-energy-why-a-break-is-not-the-same-as-rest\/\" title=\"Mislite da se odmarate? Pauza nije isto \u0161to i pravo punjenje energije\"><div class=\"cl-element-featured_media__image\" style=\"background-image: url(https:\/\/zen2fit.com\/wp-content\/uploads\/2026\/03\/pexels-almapapi-2396108-1024x682.jpg)\" role=\"img\" aria-label=\"Odmor nije samo pauza od rada. Saznajte kako zaista obnoviti energiju, prona\u0107i balans i svjesno se vratiti sebi kroz male svakodnevne rituale.\"><\/div><\/a><\/div><div class=\"cl-element cl-element-section cl-element--instance-1009\"><div class=\"cl-element cl-element-taxonomy cl-element--instance-1001\"><a\t\t\t class=\"cl-element-taxonomy__term\"  href=\"https:\/\/zen2fit.com\/bs\/wellness\/\" \t\t\t>\n\t\t\t\tKorporativni wellness\t\t\t<\/a><\/div><div class=\"cl-element cl-element-text cl-element--instance-1002\">od<\/div><div class=\"cl-element cl-element-author cl-element--instance-1003\"><div class=\"cl-element-author__text\">Dijana Kapetanovi\u0107<\/div><\/div><h3 class=\"cl-element cl-element-title cl-element--instance-1004\"><a class=\"cl-element-title__anchor\" href=\"https:\/\/zen2fit.com\/bs\/how-to-restore-energy-why-a-break-is-not-the-same-as-rest\/\">Mislite da se odmarate? Pauza nije isto \u0161to i pravo punjenje energije<\/a><\/h3><div class=\"cl-element cl-element-excerpt cl-element--instance-1005\">Discover how to establish work-life balance. Practical guidelines for employees and managers, Pareto principle tips, and strategies to reduce workplace stress.<\/div><div class=\"cl-element cl-element-link cl-element--instance-1006\"><a class=\"cl-element-link__anchor\" href=\"https:\/\/zen2fit.com\/bs\/how-to-restore-energy-why-a-break-is-not-the-same-as-rest\/\">Nastavi \u010ditanje<\/a><\/div><\/div><\/div><\/div><div  class=\"cl-layout__item cl-layout__item--id-11524\" ><div  class=\"cl-template cl-template--post cl-template--id-3274 cl-template--image-top\" ><div class=\"cl-element cl-element-featured_media cl-element--instance-1008  cl-element-featured_media--sizing-aspect_ratio\"><a class=\"cl-element-featured_media__anchor\" href=\"https:\/\/zen2fit.com\/bs\/inside-out-leadership-practical-tips-and-steps\/\" title=\"INSIDE-OUT LIDERSTVO: Prakti\u010dni savjeti i koraci\"><div class=\"cl-element-featured_media__image\" style=\"background-image: url(https:\/\/zen2fit.com\/wp-content\/uploads\/2026\/03\/pexels-fauxels-3184405-1024x682.jpg)\" role=\"img\" aria-label=\"Samopouzdana poslovna \u017eena kao simbol liderstva i emocionalne inteligencije.\"><\/div><\/a><\/div><div class=\"cl-element cl-element-section cl-element--instance-1009\"><div class=\"cl-element cl-element-taxonomy cl-element--instance-1001\"><a\t\t\t class=\"cl-element-taxonomy__term\"  href=\"https:\/\/zen2fit.com\/bs\/wellness\/\" \t\t\t>\n\t\t\t\tKorporativni wellness\t\t\t<\/a><\/div><div class=\"cl-element cl-element-text cl-element--instance-1002\">od<\/div><div class=\"cl-element cl-element-author cl-element--instance-1003\"><div class=\"cl-element-author__text\">Naida Pervan<\/div><\/div><h3 class=\"cl-element cl-element-title cl-element--instance-1004\"><a class=\"cl-element-title__anchor\" href=\"https:\/\/zen2fit.com\/bs\/inside-out-leadership-practical-tips-and-steps\/\">INSIDE-OUT LIDERSTVO: Prakti\u010dni savjeti i koraci<\/a><\/h3><div class=\"cl-element cl-element-excerpt cl-element--instance-1005\">Inside-out liderstvo: Otkrijte za\u0161to odr\u017eivo vo\u0111enje po\u010dinje radom na sebi. Prakti\u010dni koraci za samoregulaciju, autenti\u010dnost i prisutnost lidera.<\/div><div class=\"cl-element cl-element-link cl-element--instance-1006\"><a class=\"cl-element-link__anchor\" href=\"https:\/\/zen2fit.com\/bs\/inside-out-leadership-practical-tips-and-steps\/\">Nastavi \u010ditanje<\/a><\/div><\/div><\/div><\/div><div  class=\"cl-layout__item cl-layout__item--id-11534\" ><div  class=\"cl-template cl-template--post cl-template--id-3274 cl-template--image-top\" ><div class=\"cl-element cl-element-featured_media cl-element--instance-1008  cl-element-featured_media--sizing-aspect_ratio\"><a class=\"cl-element-featured_media__anchor\" href=\"https:\/\/zen2fit.com\/bs\/why-taking-breaks-at-work-improves-productivity-and-reduces-stress\/\" title=\"Za\u0161to odmori nisu gubitak vremena nego investicija u produktivnost\"><div class=\"cl-element-featured_media__image\" style=\"background-image: url(https:\/\/zen2fit.com\/wp-content\/uploads\/2026\/03\/pexels-cup-of-couple-8472493-1-1024x683.jpg)\" role=\"img\"><\/div><\/a><\/div><div class=\"cl-element cl-element-section cl-element--instance-1009\"><div class=\"cl-element cl-element-taxonomy cl-element--instance-1001\"><a\t\t\t class=\"cl-element-taxonomy__term\"  href=\"https:\/\/zen2fit.com\/bs\/wellness\/\" \t\t\t>\n\t\t\t\tKorporativni wellness\t\t\t<\/a><\/div><div class=\"cl-element cl-element-text cl-element--instance-1002\">od<\/div><div class=\"cl-element cl-element-author cl-element--instance-1003\"><div class=\"cl-element-author__text\">Elvir Muhi\u0107<\/div><\/div><h3 class=\"cl-element cl-element-title cl-element--instance-1004\"><a class=\"cl-element-title__anchor\" href=\"https:\/\/zen2fit.com\/bs\/why-taking-breaks-at-work-improves-productivity-and-reduces-stress\/\">Za\u0161to odmori nisu gubitak vremena nego investicija u produktivnost<\/a><\/h3><div class=\"cl-element cl-element-excerpt cl-element--instance-1005\">Odmor pove\u0107ava fokus, smanjuje stres i podi\u017ee produktivnost. Nau\u010dite kako koristiti mikro pauze i mentalne tehnike tokom radnog dana.<\/div><div class=\"cl-element cl-element-link cl-element--instance-1006\"><a class=\"cl-element-link__anchor\" href=\"https:\/\/zen2fit.com\/bs\/why-taking-breaks-at-work-improves-productivity-and-reduces-stress\/\">Nastavi \u010ditanje<\/a><\/div><\/div><\/div><\/div><div  class=\"cl-layout__item cl-layout__item--id-8273\" ><div  class=\"cl-template cl-template--post cl-template--id-3274 cl-template--image-top\" ><div class=\"cl-element cl-element-featured_media cl-element--instance-1008  cl-element-featured_media--sizing-aspect_ratio\"><a class=\"cl-element-featured_media__anchor\" href=\"https:\/\/zen2fit.com\/bs\/can-pilates-help-you-lose-weight\/\" title=\"Istra\u017eivanje prednosti i savjeta: Mo\u017ee li vam Pilates pomo\u0107i da smr\u0161ate?\"><div class=\"cl-element-featured_media__image\" style=\"background-image: url(https:\/\/zen2fit.com\/wp-content\/uploads\/2024\/10\/woman-exercising-with-stability-ball-in-raised-arms-4587682-1024x683.jpg)\" role=\"img\" aria-label=\"\u017dena vje\u017eba sa loptom za stabilnost u podignutim rukama\"><\/div><\/a><\/div><div class=\"cl-element cl-element-section cl-element--instance-1009\"><div class=\"cl-element cl-element-taxonomy cl-element--instance-1001\"><a\t\t\t class=\"cl-element-taxonomy__term\"  href=\"https:\/\/zen2fit.com\/bs\/pilates\/\" \t\t\t>\n\t\t\t\tPilates\t\t\t<\/a><\/div><div class=\"cl-element cl-element-text cl-element--instance-1002\">od<\/div><div class=\"cl-element cl-element-author cl-element--instance-1003\"><div class=\"cl-element-author__text\">Leyla \u0160ebich<\/div><\/div><h3 class=\"cl-element cl-element-title cl-element--instance-1004\"><a class=\"cl-element-title__anchor\" href=\"https:\/\/zen2fit.com\/bs\/can-pilates-help-you-lose-weight\/\">Istra\u017eivanje prednosti i savjeta: Mo\u017ee li vam Pilates pomo\u0107i da smr\u0161ate?<\/a><\/h3><div class=\"cl-element cl-element-excerpt cl-element--instance-1005\">Welcome to the world of Pilates! If you've ever wondered whether this low-impact exercise can help you shed those pesky pounds, you're in for a&hellip;<\/div><div class=\"cl-element cl-element-link cl-element--instance-1006\"><a class=\"cl-element-link__anchor\" href=\"https:\/\/zen2fit.com\/bs\/can-pilates-help-you-lose-weight\/\">Nastavi \u010ditanje<\/a><\/div><\/div><\/div><\/div><div  class=\"cl-layout__item cl-layout__item--id-8269\" ><div  class=\"cl-template cl-template--post cl-template--id-3274 cl-template--image-top\" ><div class=\"cl-element cl-element-featured_media cl-element--instance-1008  cl-element-featured_media--sizing-aspect_ratio\"><a class=\"cl-element-featured_media__anchor\" href=\"https:\/\/zen2fit.com\/bs\/what-to-wear-to-pilates\/\" title=\"\u0160ta obu\u0107i za Pilates: Kompletan vodi\u010d\"><div class=\"cl-element-featured_media__image\" style=\"background-image: url(https:\/\/zen2fit.com\/wp-content\/uploads\/2024\/10\/free-stock-photo-of-infected-infectedom-model-28774690-1024x931.jpg)\" role=\"img\" aria-label=\"Besplatna stock fotografija zara\u017eenog, infectom, modela\"><\/div><\/a><\/div><div class=\"cl-element cl-element-section cl-element--instance-1009\"><div class=\"cl-element cl-element-taxonomy cl-element--instance-1001\"><a\t\t\t class=\"cl-element-taxonomy__term\"  href=\"https:\/\/zen2fit.com\/bs\/pilates\/\" \t\t\t>\n\t\t\t\tPilates\t\t\t<\/a><\/div><div class=\"cl-element cl-element-text cl-element--instance-1002\">od<\/div><div class=\"cl-element cl-element-author cl-element--instance-1003\"><div class=\"cl-element-author__text\">Leyla \u0160ebich<\/div><\/div><h3 class=\"cl-element cl-element-title cl-element--instance-1004\"><a class=\"cl-element-title__anchor\" href=\"https:\/\/zen2fit.com\/bs\/what-to-wear-to-pilates\/\">\u0160ta obu\u0107i za Pilates: Kompletan vodi\u010d<\/a><\/h3><div class=\"cl-element cl-element-excerpt cl-element--instance-1005\">Hey there, Pilates enthusiasts! Whether you\u2019re a seasoned pro or a curious newbie, one question tends to pop up quite often: \"What should I wear&hellip;<\/div><div class=\"cl-element cl-element-link cl-element--instance-1006\"><a class=\"cl-element-link__anchor\" href=\"https:\/\/zen2fit.com\/bs\/what-to-wear-to-pilates\/\">Nastavi \u010ditanje<\/a><\/div><\/div><\/div><\/div><div  class=\"cl-layout__item cl-layout__item--id-8271\" ><div  class=\"cl-template cl-template--post cl-template--id-3274 cl-template--image-top\" ><div class=\"cl-element cl-element-featured_media cl-element--instance-1008  cl-element-featured_media--sizing-aspect_ratio\"><a class=\"cl-element-featured_media__anchor\" href=\"https:\/\/zen2fit.com\/bs\/how-much-are-pilates-classes\/\" title=\"Koliko ko\u0161taju \u010dasovi pilatesa: Sveobuhvatni vodi\u010d za cijene\"><div class=\"cl-element-featured_media__image\" style=\"background-image: url(https:\/\/zen2fit.com\/wp-content\/uploads\/2024\/10\/woman-with-red-hair-exercising-against-a-mirror-25596876-1024x683.jpg)\" role=\"img\" aria-label=\"\u017dena s crvenom kosom vje\u017eba uz ogledalo\"><\/div><\/a><\/div><div class=\"cl-element cl-element-section cl-element--instance-1009\"><div class=\"cl-element cl-element-taxonomy cl-element--instance-1001\"><a\t\t\t class=\"cl-element-taxonomy__term\"  href=\"https:\/\/zen2fit.com\/bs\/pilates\/\" \t\t\t>\n\t\t\t\tPilates\t\t\t<\/a><\/div><div class=\"cl-element cl-element-text cl-element--instance-1002\">od<\/div><div class=\"cl-element cl-element-author cl-element--instance-1003\"><div class=\"cl-element-author__text\">Leyla \u0160ebich<\/div><\/div><h3 class=\"cl-element cl-element-title cl-element--instance-1004\"><a class=\"cl-element-title__anchor\" href=\"https:\/\/zen2fit.com\/bs\/how-much-are-pilates-classes\/\">Koliko ko\u0161taju \u010dasovi pilatesa: Sveobuhvatni vodi\u010d za cijene<\/a><\/h3><div class=\"cl-element cl-element-excerpt cl-element--instance-1005\">Are you curious about how much you should budget for your next Pilates obsession? Look no further! This comprehensive pricing guide will help you decipher&hellip;<\/div><div class=\"cl-element cl-element-link cl-element--instance-1006\"><a class=\"cl-element-link__anchor\" href=\"https:\/\/zen2fit.com\/bs\/how-much-are-pilates-classes\/\">Nastavi \u010ditanje<\/a><\/div><\/div><\/div><\/div><div  class=\"cl-layout__item cl-layout__item--id-8275\" ><div  class=\"cl-template cl-template--post cl-template--id-3274 cl-template--image-top\" ><div class=\"cl-element cl-element-featured_media cl-element--instance-1008  cl-element-featured_media--sizing-aspect_ratio\"><a class=\"cl-element-featured_media__anchor\" href=\"https:\/\/zen2fit.com\/bs\/how-many-calories-does-pilates-burn\/\" title=\"Razumijevanje va\u0161eg treninga: Koliko kalorija sagorijeva Pilates?\"><div class=\"cl-element-featured_media__image\" style=\"background-image: url(https:\/\/zen2fit.com\/wp-content\/uploads\/2024\/10\/exercising-keeps-oneself-healthy-3768918-1024x683.jpg)\" role=\"img\" aria-label=\"Vje\u017ebanje odr\u017eava zdravlje\"><\/div><\/a><\/div><div class=\"cl-element cl-element-section cl-element--instance-1009\"><div class=\"cl-element cl-element-taxonomy cl-element--instance-1001\"><a\t\t\t class=\"cl-element-taxonomy__term\"  href=\"https:\/\/zen2fit.com\/bs\/pilates\/\" \t\t\t>\n\t\t\t\tPilates\t\t\t<\/a><\/div><div class=\"cl-element cl-element-text cl-element--instance-1002\">od<\/div><div class=\"cl-element cl-element-author cl-element--instance-1003\"><div class=\"cl-element-author__text\">Leyla \u0160ebich<\/div><\/div><h3 class=\"cl-element cl-element-title cl-element--instance-1004\"><a class=\"cl-element-title__anchor\" href=\"https:\/\/zen2fit.com\/bs\/how-many-calories-does-pilates-burn\/\">Razumijevanje va\u0161eg treninga: Koliko kalorija sagorijeva Pilates?<\/a><\/h3><div class=\"cl-element cl-element-excerpt cl-element--instance-1005\">If you\u2019ve ever rolled out your Pilates mat and wondered, \u201cHow many calories am I actually burning here?\u201d you\u2019re definitely not alone. Many fitness enthusiasts&hellip;<\/div><div class=\"cl-element cl-element-link cl-element--instance-1006\"><a class=\"cl-element-link__anchor\" href=\"https:\/\/zen2fit.com\/bs\/how-many-calories-does-pilates-burn\/\">Nastavi \u010ditanje<\/a><\/div><\/div><\/div><\/div><\/div><\/div><div class=\"cl-pagination\"><span aria-current=\"page\" class=\"page-numbers current\">1<\/span>\n<a class=\"page-numbers\" href=\"https:\/\/zen2fit.com\/bs\/wp-json\/wp\/v2\/pages\/3276\/page\/2\/\">2<\/a>\n<a class=\"page-numbers\" href=\"https:\/\/zen2fit.com\/bs\/wp-json\/wp\/v2\/pages\/3276\/page\/3\/\">3<\/a>\n<span class=\"page-numbers dots\">&hellip;<\/span>\n<a class=\"page-numbers\" href=\"https:\/\/zen2fit.com\/bs\/wp-json\/wp\/v2\/pages\/3276\/page\/10\/\">10<\/a>\n<a class=\"next page-numbers\" href=\"https:\/\/zen2fit.com\/bs\/wp-json\/wp\/v2\/pages\/3276\/page\/2\/\">Sljede\u0107a &raquo;<\/a><\/div><\/div>\n<\/div>\n<\/div>","protected":false},"excerpt":{"rendered":"<p>Feed \u010dlanaka<\/p>","protected":false},"author":1,"featured_media":0,"parent":0,"menu_order":0,"comment_status":"closed","ping_status":"closed","template":"","meta":{"_crdt_document":"","_uag_custom_page_level_css":"","_kad_post_transparent":"disable","_kad_post_title":"hide","_kad_post_layout":"fullwidth","_kad_post_sidebar_id":"","_kad_post_content_style":"unboxed","_kad_post_vertical_padding":"hide","_kad_post_feature":"","_kad_post_feature_position":"","_kad_post_header":true,"_kad_post_footer":false,"footnotes":""},"class_list":["post-3276","page","type-page","status-publish","hentry"],"uagb_featured_image_src":{"full":false,"thumbnail":false,"medium":false,"medium_large":false,"large":false,"1536x1536":false,"2048x2048":false,"trp-custom-language-flag":false,"depicter-thumbnail":false,"custom-featured-image":false,"gform-image-choice-sm":false,"gform-image-choice-md":false,"gform-image-choice-lg":false,"crp_thumbnail":false},"uagb_author_info":{"display_name":"Adrienn Wolf","author_link":"https:\/\/zen2fit.com\/bs\/author\/amilaljutovic\/"},"uagb_comment_info":0,"uagb_excerpt":"Articles Feed","_links":{"self":[{"href":"https:\/\/zen2fit.com\/bs\/wp-json\/wp\/v2\/pages\/3276","targetHints":{"allow":["GET"]}}],"collection":[{"href":"https:\/\/zen2fit.com\/bs\/wp-json\/wp\/v2\/pages"}],"about":[{"href":"https:\/\/zen2fit.com\/bs\/wp-json\/wp\/v2\/types\/page"}],"author":[{"embeddable":true,"href":"https:\/\/zen2fit.com\/bs\/wp-json\/wp\/v2\/users\/1"}],"replies":[{"embeddable":true,"href":"https:\/\/zen2fit.com\/bs\/wp-json\/wp\/v2\/comments?post=3276"}],"version-history":[{"count":0,"href":"https:\/\/zen2fit.com\/bs\/wp-json\/wp\/v2\/pages\/3276\/revisions"}],"wp:attachment":[{"href":"https:\/\/zen2fit.com\/bs\/wp-json\/wp\/v2\/media?parent=3276"}],"curies":[{"name":"wp","href":"https:\/\/api.w.org\/{rel}","templated":true}]}}