{"id":3702,"date":"2024-03-22T11:08:23","date_gmt":"2024-03-22T11:08:23","guid":{"rendered":"https:\/\/zen2fit.com\/?page_id=3702"},"modified":"2024-09-26T07:56:47","modified_gmt":"2024-09-26T07:56:47","slug":"health-disclaimer","status":"publish","type":"page","link":"https:\/\/zen2fit.com\/bs\/health-disclaimer\/","title":{"rendered":"Odricanje od odgovornosti za zdravlje"},"content":{"rendered":"<p class=\"wp-block-paragraph\"><\/p>\n\n\n\n<div class=\"wp-block-uagb-container uagb-block-o6bdkdvc alignfull uagb-is-root-container\"><div class=\"uagb-container-inner-blocks-wrap\">\n<div class=\"wp-block-uagb-info-box uagb-block-sgzregjp uagb-infobox__content-wrap  uagb-infobox-icon-above-title uagb-infobox-image-valign-top\"><div class=\"uagb-ifb-content\"><div class=\"uagb-ifb-title-wrap\"><h1 class=\"uagb-ifb-title\">Odricanje od odgovornosti za zdravlje<\/h1><\/div><\/div><\/div>\n\n\n\n<div class=\"wp-block-uagb-container uagb-block-9a08wc8g\">\n<div class=\"wp-block-uagb-info-box uagb-block-ckslqwg0 uagb-infobox__content-wrap  uagb-infobox-icon-above-title uagb-infobox-image-valign-top\"><div class=\"uagb-ifb-content\"><div class=\"uagb-ifb-title-wrap\"><\/div><p class=\"uagb-ifb-desc\">Ovo Izjava o odricanju odgovornosti za zdravlje dio je Uslova kori\u0161tenja Zent2Fit usluga. Kori\u0161tenjem Zen2Fit usluga, potvr\u0111ujete da prihvatate ovu Izjavu o odricanju odgovornosti za zdravlje. Ako se ne sla\u017eete s uslovima ove Izjave o odricanju odgovornosti za zdravlje, molimo vas da ne koristite na\u0161e Usluge.<br><br>Zen2Fit usluga nije namijenjena dijagnosticiranju, lije\u010denju, izlje\u010denju ili sprje\u010davanju bilo koje bolesti. Na\u0161e usluge namijenjene su samo osobama koje su dovoljno zdrave da izvode naporne vje\u017ebe i slijede op\u0107i plan prehrane te mo\u017eda nisu prikladne ili preporu\u010dene svim osobama, uklju\u010duju\u0107i, ali ne ograni\u010davaju\u0107i se na, trudnice ili osobe koje pate od nekog osnovnog zdravstvenog stanja ili imaju posebne prehrambene potrebe.&nbsp;<br>Na\u0161a Usluga mo\u017ee koristiti Upitnik o spremnosti za fizi\u010dku aktivnost (PAR-Q) prilikom procjene sigurnosti ili mogu\u0107ih rizika vje\u017ebanja za vas na osnovu va\u0161ih odgovora. Ova procjena zahtijeva da su sve informacije koje ste dali istinite, potpune i ta\u010dne, te nadalje zahtijeva da ne izostavite nikakve relevantne informacije bez obzira na to da li smo vas pitali za takve informacije.&nbsp;<br>Nadalje, time \u0161to postajete korisnik Usluge, potvr\u0111ujete da je ljekar posebno odobrio va\u0161e kori\u0161tenje Usluge ili da su sve sljede\u0107e izjave istinite:<br>Nijedan ljekar vas nikada nije obavijestio da imate sr\u010dano oboljenje ili da biste trebali obavljati samo fizi\u010dke aktivnosti koje je preporu\u010dio ljekar;<br>nikada niste osjetili bol u grudima prilikom bavljenja fizi\u010dkom aktivno\u0161\u0107u;<br>niste iskusili bol u grudima kada niste bili uklju\u010deni u fizi\u010dku aktivnost u bilo koje vrijeme u proteklom mjesecu;<br>nikada niste izgubili ravnote\u017eu zbog vrtoglavice i nikada niste izgubili svijest;<br>nemate problema s kostima ili zglobovima koji bi se mogli pogor\u0161ati promjenom va\u0161e fizi\u010dke aktivnosti;<br>Va\u0161 ljekar trenutno ne prepisuje lijekove za Va\u0161 krvni pritisak ili sr\u010dane probleme;<br>nemate historiju visokog krvnog pritiska, i niko u va\u0161oj u\u017eoj porodici nema historiju visokog krvnog pritiska ili sr\u010danih problema;<br>niste trudni, ne dojite i ne dojite;<br>nemate stanje visokog holesterola, dijabetesa, gojaznosti ili artritisa; i<br>Ne znate nijedan drugi razlog za\u0161to ne biste trebali vje\u017ebati ili slijediti op\u0107i plan prehrane.<br><br>PRIJE KORI\u0160TENJA NA\u0160E USLUGE, TREBALI BISTE SE KONSULTIRATI SA SVOJIM LJEKAROM ILI DRUGIM STRU\u010cNJAKOM IZ ZDRAVSTVENIH OBVEZA. KORI\u0160TENJE BILO KOJIH INFORMACIJA ILI PROGRAMA KOJI SE DOSTUPNO PUTUJU NA USLUZI JE ISKLJU\u010cIVO NA VA\u0160 VLASTITI RIZIK. AKO MISLITE DA IMATE HITNO MEDICINSKO STANJE, ODMAH POZOVITE SVOG LJEKARA.<br>UKOLIKO SE U BILO KOJEM TRENUTKU TOKOM VJE\u017dBANJA NE OSJE\u0106ATE DOBRO, ODMAH PREKINITE KORI\u0160TENJE USLUGE I PO POTREBI POTRA\u017dITE SAVJET MEDICINSKOG STRU\u010cNJAKA.<br>SADR\u017dAJ DOSTUPAN PREKO USLUGE DOSTUPAN JE UZ RAZUMIJEVANJE DA SE NI KOMPANIJA NI NJENE POVEZANE DR\u017dAVE ILI KORISNICI NE BAVLJE PRU\u017dANJEM MEDICINSKIH, SAVJETODAVNIH, PRAVNIH ILI DRUGIH STRU\u010cNIH USLUGA ILI SAVJETA. TAKAV SADR\u017dAJ JE NAMIJENJEN ISKLJU\u010cIVO KAO OP\u0106A OBRAZOVNA POMO\u0106. NIJE NAMIJENJEN KAO MEDICINSKI ILI ZDRAVSTVENI SAVJET, NITI ZA KORI\u0160TENJE ZA MEDICINSKU DIJAGNOZU ILI LIJE\u010cENJE, ZA BILO KOJI POJEDINA\u010cNI PROBLEM. TAKO\u0110ER NIJE NAMIJENJEN KAO ZAMJENA ZA STRU\u010cNE SAVJETE I USLUGE KVALIFIKOVANOG ZDRAVSTVENOG RADNIKA KOJI JE UPOZNAT S VA\u0160IM JEDINSTVENIM \u010cINJENICAMA. NI\u0160TA NAVEDENO ILI OBJAVLJENO NA OVOJ STRANICI ILI DOSTUPNO PREKO BILO KOJE USLUGE NIJE NAMIJENJENO DA BUDE, I NE SMIJE SE TAKO SHVA\u0106ATI. NA\u0160I PREPORU\u010cENI PLANOVI TRENINGA I VJE\u017dBI ILI PLANOVI PREHRANE, \u010cAK I AKO SU PRILAGO\u0110ENI POJEDINA\u010cNIM KORISNICIMA, NE SMIJEJU SE POGRE\u0160NO TUMA\u010cITI KAO MEDICINSKI SAVJET, DIJAGNOZA ILI LIJE\u010cENJE. UVIJEK POTRA\u017dITE SAVJET SVOG LJEKARA ILI DRUGOG KVALIFICIRANOG ZDRAVSTVENOG RADNIKA U VEZI BILO KOJEG ZDRAVSTVENOG STANJA I PRIJE PO\u010cETKA BILO KAKVOG NOVOG LIJE\u010cENJA.<br><br>Ni Kompanija ni bilo koji od njenih trenera ili povezanih dru\u0161tava ne\u0107e biti odgovorni za bilo kakvu fizi\u010dku ili mentalnu povredu ili bolest koja mo\u017ee nastati, direktno ili indirektno, iz bilo kojeg od na\u0161ih preporu\u010denih planova treninga, vje\u017ebi ili planova ishrane. Iako mo\u017eemo pru\u017eiti smjernice kao \u0161to su pisani opisi, slike ili videozapisi koji opisuju kako izvoditi odre\u0111ene vje\u017ebe ili aktivnosti, vi preuzimate isklju\u010divu odgovornost za izvo\u0111enje tih vje\u017ebi ili aktivnosti u pravilnoj formi, jer se rizik od povrede ili bolesti pove\u0107ava s nepravilnom formom. Preporu\u010dujemo vam da potra\u017eite vi\u0161e izvora informacija o tome kako pravilno izvoditi svaku vje\u017ebu i da razmislite o konsultacijama s kvalifikovanim trenerom, instruktorom, li\u010dnim trenerom ili fizioterapeutom, posebno ako ste novi u bilo kojem od oblika treninga ili aktivnosti koje \u017eelite izvoditi.<br><br>Dugotrajni kontakt s nosivim ure\u0111ajima mo\u017ee doprinijeti iritaciji ko\u017ee ili alergijama kod nekih korisnika. Da biste smanjili iritaciju, slijedite \u010detiri jednostavna savjeta za no\u0161enje i njegu: (i) odr\u017eavajte ga \u010distim, (ii) odr\u017eavajte ga suhim, (iii) nemojte ga nositi preusko i (iv) dajte svom zglobu odmor tako \u0161to \u0107ete skinuti narukvicu na sat vremena nakon du\u017eeg no\u0161enja. Ako primijetite bilo kakvu iritaciju ko\u017ee, bol, trnce, utrnulost, peckanje ili uko\u010denost u rukama ili zglobovima tokom ili nakon no\u0161enja proizvoda, skinite ure\u0111aj i prekinite upotrebu. Ako bilo kakvi simptomi potraju du\u017ee od 2-3 dana nakon skidanja ure\u0111aja, obratite se svom ljekaru.<br><br>Proizvodi koji koriste PurePulse tehnologiju imaju funkciju pra\u0107enja otkucaja srca koja mo\u017ee predstavljati rizik za korisnike s odre\u0111enim zdravstvenim stanjima. Posavjetujte se s ljekarom prije upotrebe takvih proizvoda ako (i) imate zdravstveno ili sr\u010dano stanje, (ii) uzimate bilo koji fotosenzitivni lijek, (iii) imate epilepsiju ili ste osjetljivi na bljeskaju\u0107a svjetla, (iv) imate smanjenu cirkulaciju ili lako dobijate modrice ili (v) imate tendinitis, sindrom karpalnog tunela ili druge mi\u0161i\u0107no-ko\u0161tane poreme\u0107aje.<br><br>Kontaktirajte nas<br><a href=\"mailto:support@zen2fit.com\">uvijek putem e-maila: support@zen2fit.com<\/a>&nbsp;<br><br>Ponosni smo na povjerenje koje dijelite s nama.&nbsp;<br>Datum posljednje izmjene: septembar 2024.<br><\/p><\/div><\/div>\n<\/div>\n<\/div><\/div>","protected":false},"excerpt":{"rendered":"","protected":false},"author":1,"featured_media":0,"parent":0,"menu_order":0,"comment_status":"closed","ping_status":"closed","template":"","meta":{"_crdt_document":"","_uag_custom_page_level_css":"","_kad_post_transparent":"disable","_kad_post_title":"hide","_kad_post_layout":"fullwidth","_kad_post_sidebar_id":"","_kad_post_content_style":"unboxed","_kad_post_vertical_padding":"","_kad_post_feature":"","_kad_post_feature_position":"","_kad_post_header":true,"_kad_post_footer":false,"footnotes":""},"class_list":["post-3702","page","type-page","status-publish","hentry"],"uagb_featured_image_src":{"full":false,"thumbnail":false,"medium":false,"medium_large":false,"large":false,"1536x1536":false,"2048x2048":false,"trp-custom-language-flag":false,"depicter-thumbnail":false,"custom-featured-image":false,"gform-image-choice-sm":false,"gform-image-choice-md":false,"gform-image-choice-lg":false,"crp_thumbnail":false},"uagb_author_info":{"display_name":"Adrienn Wolf","author_link":"https:\/\/zen2fit.com\/bs\/author\/amilaljutovic\/"},"uagb_comment_info":0,"uagb_excerpt":null,"_links":{"self":[{"href":"https:\/\/zen2fit.com\/bs\/wp-json\/wp\/v2\/pages\/3702","targetHints":{"allow":["GET"]}}],"collection":[{"href":"https:\/\/zen2fit.com\/bs\/wp-json\/wp\/v2\/pages"}],"about":[{"href":"https:\/\/zen2fit.com\/bs\/wp-json\/wp\/v2\/types\/page"}],"author":[{"embeddable":true,"href":"https:\/\/zen2fit.com\/bs\/wp-json\/wp\/v2\/users\/1"}],"replies":[{"embeddable":true,"href":"https:\/\/zen2fit.com\/bs\/wp-json\/wp\/v2\/comments?post=3702"}],"version-history":[{"count":0,"href":"https:\/\/zen2fit.com\/bs\/wp-json\/wp\/v2\/pages\/3702\/revisions"}],"wp:attachment":[{"href":"https:\/\/zen2fit.com\/bs\/wp-json\/wp\/v2\/media?parent=3702"}],"curies":[{"name":"wp","href":"https:\/\/api.w.org\/{rel}","templated":true}]}}