{"id":7510,"date":"2024-09-02T13:26:53","date_gmt":"2024-09-02T13:26:53","guid":{"rendered":"https:\/\/zen2fit.com\/?page_id=7510"},"modified":"2024-09-30T06:54:23","modified_gmt":"2024-09-30T06:54:23","slug":"cookies-policy","status":"publish","type":"page","link":"https:\/\/zen2fit.com\/bs\/cookies-policy\/","title":{"rendered":"Politika kola\u010di\u0107a"},"content":{"rendered":"<p class=\"wp-block-paragraph\"><\/p>\n\n\n\n<div class=\"wp-block-uagb-container uagb-block-wb7dxz5m alignfull uagb-is-root-container\"><div class=\"uagb-container-inner-blocks-wrap\">\n<header class=\"wp-block-uagb-info-box uagb-block-j4df6cxu uagb-infobox__content-wrap  uagb-infobox-icon-above-title uagb-infobox-image-valign-top\"><div class=\"uagb-ifb-content\"><div class=\"uagb-ifb-title-wrap\"><h1 class=\"uagb-ifb-title\">Politika kola\u010di\u0107a<\/h1><\/div><\/div><\/header>\n\n\n\n<div class=\"wp-block-uagb-container uagb-block-bi4xcgdz\">\n<div class=\"wp-block-uagb-info-box uagb-block-rs4m25e0 uagb-infobox__content-wrap  uagb-infobox-icon-above-title uagb-infobox-image-valign-top\"><div class=\"uagb-ifb-content\"><div class=\"uagb-ifb-title-wrap\"><\/div><p class=\"uagb-ifb-desc\">Mi i na\u0161i partneri koristimo kola\u010di\u0107e i sli\u010dne tehnologije na na\u0161im uslugama, uklju\u010duju\u0107i na\u0161e web stranice i mobilne aplikacije (\u201c<strong>Usluge<\/strong>\u201d). Ovdje obja\u0161njavamo ove tehnologije, za\u0161to ih koristimo i koje opcije imate.<br><br>Ova Politika kola\u010di\u0107a je dio Uslova kori\u0161tenja Zent2Fit-a. Kori\u0161tenjem Zen2Fit usluga, potvr\u0111ujete da prihvatate ovu Politiku kola\u010di\u0107a. Ako se ne sla\u017eete sa uslovima ove Politike kola\u010di\u0107a, molimo vas da ne koristite na\u0161e Usluge.<br>&nbsp;<br><br><strong>Tehnologije<\/strong><br><br>Na\u0161a web stranica, online oglasi i e-poruke koriste kola\u010di\u0107e prve i tre\u0107e strane, piksele, lokalnu pohranu, komplete za razvoj softvera (\u201c<strong>SDK-ovi<\/strong>\u201d\u201c) i druge tehnologije za automatsko prikupljanje informacija o vama, kao \u0161to su vrsta preglednika, pregledane stranice, kliknuti linkovi i druge radnje koje poduzimate u vezi s na\u0161im web stranicama, online oglasima i e-po\u0161tom, kako bismo zapamtili stvari o vama i omogu\u0107ili vam bolje iskustvo.&nbsp;<br>Kola\u010di\u0107i su male datoteke koje automatski generira va\u0161 preglednik i pohranjuju se na va\u0161 ure\u0111aj (laptop, tablet, pametni telefon itd.) kada koristite na\u0161e Usluge. Kola\u010di\u0107i i sli\u010dne tehnologije unutar web preglednika omogu\u0107avaju nam prikupljanje i pohranjivanje podataka dok se kre\u0107ete na\u0161om web stranicom. Kola\u010di\u0107i ne \u0161tete va\u0161em ure\u0111aju i ne sadr\u017ee viruse ili drugi zlonamjerni softver. Kola\u010di\u0107i sadr\u017ee informacije koje preuzima odre\u0111eni ure\u0111aj. Me\u0111utim, to ne zna\u010di da dobijamo direktne informacije o va\u0161em identitetu. Jedna od svrha kola\u010di\u0107a je da vam olak\u0161a kori\u0161tenje na\u0161ih Usluga.&nbsp;<br>Ve\u0107ina web preglednika je postavljena da prihvata kola\u010di\u0107e. Mo\u017eete prilagoditi postavke preglednika da odbije sve kola\u010di\u0107e ili da vas obavijesti kada se kola\u010di\u0107 postavlja na va\u0161 tvrdi disk.&nbsp;<br>Tamo gdje koristimo Google Analytics, postavili smo uslugu koja anonimizira va\u0161u IP adresu \u010dim Mre\u017ea za prikupljanje analiti\u010dkih podataka primi podatke, prije nego \u0161to se izvr\u0161i bilo kakvo pohranjivanje ili obrada. Mo\u017eete se isklju\u010diti iz pra\u0107enja putem Google Analyticsa na svim web stranicama.<br>Pikseli su male slike na web stranici ili u e-poruci. Pikseli prikupljaju informacije o va\u0161em pregledniku ili ure\u0111aju i mogu postavljati kola\u010di\u0107e.<br>Lokalna pohrana omogu\u0107ava lokalno pohranjivanje podataka u va\u0161em pregledniku ili ure\u0111aju i uklju\u010duje HTML5 lokalnu pohranu i ke\u0161 memoriju preglednika.<br>SDK-ovi su blokovi koda koje pru\u017eaju na\u0161i partneri, a koji se mogu instalirati u na\u0161e mobilne aplikacije. SDK-ovi nam poma\u017eu da razumijemo kako komunicirate s na\u0161im mobilnim aplikacijama i prikupljamo odre\u0111ene informacije o ure\u0111aju i mre\u017ei koju koristite za pristup aplikaciji.<br>Ako ve\u0107 imate korisni\u010dki ra\u010dun i prijavljeni ste, informacije pohranjene u kola\u010di\u0107ima povezane su s tim ra\u010dunom.<br>Kada pristupite na\u0161oj web stranici s mobilnog ure\u0111aja ili pametnog telefona, mo\u017eemo primiti informacije o va\u0161oj op\u0107oj lokaciji i va\u0161em mobilnom ure\u0111aju, kao \u0161to su jedinstveni identifikatori ure\u0111aja.<br>Tako\u0111er primamo informacije o vama iz drugih izvora, uklju\u010duju\u0107i pru\u017eatelje usluga poput Googlea, i putem va\u0161ih interakcija s nama na web stranicama dru\u0161tvenih medija, te ih dodajemo informacijama koje povezujemo s va\u0161im ra\u010dunom.<br><br><br><strong>Svrha<\/strong><br><br>Na\u0161 interes za pobolj\u0161anje na\u0161ih Usluga prepoznat je kao legitiman.&nbsp;<br>Ove informacije koristimo u razli\u010dite svrhe, uklju\u010duju\u0107i olak\u0161avanje navigacije web stranicama, efikasniji prikaz informacija, personalizaciju va\u0161eg online iskustva, razumijevanje na\u010dina na koji korisnici koriste na\u0161e web stranice, marketing na\u0161ih usluga, mjerenje uspjeha na\u0161ih marketin\u0161kih kampanja i u sigurnosne svrhe.<br>Koristimo kola\u010di\u0107e za prikupljanje statisti\u010dkih podataka o kori\u0161tenju na\u0161ih Usluga i njihovu procjenu kako bismo optimizirali va\u0161e iskustvo i prikazali informacije prilago\u0111ene vama. Ovi kola\u010di\u0107i nam omogu\u0107avaju da automatski prepoznamo da ste ve\u0107 posjetili na\u0161u stranicu. Kola\u010di\u0107i se automatski bri\u0161u nakon unaprijed definiranog perioda. Ve\u0107ina preglednika automatski prihvata kola\u010di\u0107e.&nbsp;<br>Kako bismo osmislili i kontinuirano pobolj\u0161avali na\u0161e napore u anga\u017emanu kupaca, koristimo na\u0161e kampanje e-mail marketinga i kontaktiramo na\u0161e registrovane korisnike.&nbsp;<br>Neprestano pobolj\u0161avamo i razvijamo na\u0161u web stranicu kako bismo na\u0161im korisnicima pru\u017eili najbolje mogu\u0107e korisni\u010dko iskustvo. Trudimo se pobolj\u0161ati dostupnost i tehni\u010dku stabilnost na\u0161e web stranice pra\u0107enjem stabilnosti sistema i otkrivanjem gre\u0161aka u kodu. U ovom procesu ne postoji eksplicitna analiza u reklamne svrhe. Informacije se prikupljaju anonimno, ne koriste se u li\u010dne svrhe i naknadno se bri\u0161u. Ova analiza nam poma\u017ee da kontinuirano pobolj\u0161avamo na\u0161u web stranicu i ispravljamo skrivene gre\u0161ke u kodu.&nbsp;<br>Kako bismo postavili, kontinuirano pobolj\u0161avali i pratili konverziju na\u0161ih Facebook kampanja prema potrebi, koristimo piksel za pojedina\u010dne akcije posjetitelja. Ovaj piksel je integriran u kod na\u0161e web stranice. To nam poma\u017ee da osiguramo da se Facebook oglasi koje pokre\u0107emo prikazuju samo korisnicima Facebooka koji su pokazali interes za na\u0161e usluge. Na taj na\u010din znamo da na\u0161i Facebook oglasi odgovaraju potencijalnom interesu doti\u010dnih korisnika i da ih ne uznemiravaju. Tako\u0111er nam omogu\u0107ava pra\u0107enje radnji korisnika Facebooka nakon \u0161to su pogledali ili kliknuli na jedan od na\u0161ih Facebook oglasa. Istovremeno, poma\u017ee nam da pratimo konverziju doti\u010dne kampanje u statisti\u010dke, tr\u017ei\u0161no-istra\u017eiva\u010dke i naplatne svrhe. Informacije prikupljene na ovaj na\u010din su nam anonimne i stoga nam ne pru\u017eaju nikakve informacije o identitetu doti\u010dnog korisnika.&nbsp;<br>Omogu\u0107avamo vam da se registrujete i prijavite na na\u0161e Usluge putem funkcije Prijava putem Facebooka. Ovo zamjenjuje ina\u010de potrebnu registraciju. Za prijavu se preusmjeravate na Facebook server, gdje se prijavljujete koriste\u0107i svoje korisni\u010dke podatke. Ovo povezuje va\u0161 Facebook profil s na\u0161im Uslugama. Kori\u0161tenjem ove pojednostavljene funkcije prijave, dajete nam svoju saglasnost da koristimo sljede\u0107e podatke iz va\u0161eg javno vidljivog profila: ime, lokaciju, datum ro\u0111enja, spol, adresu e-po\u0161te, vremensku zonu, prijatelje ili fotografiju profila.<br>Svrha gore navedenog prikupljanja podataka je pojednostavljena prijava te sklapanje i ispunjenje ugovora. Ove informacije su potrebne za sklapanje ugovora kako bi se mogao identifikovati.&nbsp;<br>Za prilago\u0111eni dizajn i kontinuirano pobolj\u0161anje na\u0161ih Usluga koristimo uslugu web analitike. Pomo\u0107u kola\u010di\u0107a, usluga web analitike kreira pseudonimizirane korisni\u010dke profile. Informacije se koriste za procjenu kori\u0161tenja na\u0161ih Usluga, za sastavljanje izvje\u0161taja o aktivnostima i za pru\u017eanje drugih srodnih usluga u svrhu istra\u017eivanja tr\u017ei\u0161ta i prilago\u0111enog dizajna.&nbsp;<br>Za prilago\u0111eni dizajn i kontinuirano pobolj\u0161anje na\u0161e Aplikacije, kao i za potrebe vlastitog istra\u017eivanja tr\u017ei\u0161ta, koristimo analiti\u010dke alate koji nam poma\u017eu da razumijemo kako nas na\u0161i korisnici pronalaze i instaliraju na\u0161u aplikaciju, te da bolje razumijemo pona\u0161anje na\u0161ih korisnika i steknemo uvid u to gdje se mogu napraviti pobolj\u0161anja. Iz ovih informacija mogu se kreirati korisni\u010dki profili, koje koristimo isklju\u010divo u prethodno navedenu svrhu.&nbsp;<br>Kako bismo prilagodili dizajn i kontinuirano pobolj\u0161avali individualno korisni\u010dko iskustvo na\u0161ih Usluga, upravljamo push obavijestima putem vanjskog pru\u017eatelja usluga.&nbsp;&nbsp;<br><br><br><strong>Mogu\u0107nosti isklju\u010divanja<\/strong><br><br>Kola\u010di\u0107e mo\u017eete onemogu\u0107iti u svom pregledniku ili odabrati da budete obavije\u0161teni kada se kreira novi kola\u010di\u0107. Me\u0111utim, potpuno onemogu\u0107avanje kola\u010di\u0107a mo\u017ee zna\u010diti da vam ne\u0107e biti dostupne sve funkcije na\u0161ih Usluga. Period \u010duvanja kola\u010di\u0107a zavisi od njihove namjene i mo\u017ee varirati.<br>Mo\u017eete se usprotiviti marketin\u0161kim kampanjama u bilo kojem trenutku klikom na dugme za odjavu u odgovaraju\u0107em biltenu ili jednostavnim obavje\u0161tenjem da vi\u0161e ne \u017eelite da se takvi podaci obra\u0111uju u budu\u0107nosti. U tu svrhu koristite kontakt opcije na\u0161eg slu\u017ebenika za za\u0161titu podataka kompanije.<br>Mo\u017eete se u bilo kojem trenutku usprotiviti obradi podataka o Facebook kampanjama promjenom postavki na Facebooku ili jednostavnim obavje\u0161tavanjem da vi\u0161e ne \u017eelite ovu obradu u budu\u0107nosti.&nbsp;<br>Instalaciju kola\u010di\u0107a mo\u017eete unaprijed sprije\u010diti konfiguracijom softvera va\u0161eg preglednika ili mo\u017eete prigovoriti na daljnju obradu va\u0161ih podataka pomo\u0107u kola\u010di\u0107a klikom na link za odjavu. Imajte na umu da ako onemogu\u0107ite kola\u010di\u0107e, ne\u0107ete mo\u0107i u potpunosti iskoristiti sve funkcije na\u0161ih Usluga.<br>Tako\u0111er mo\u017eemo sara\u0111ivati s tre\u0107im stranama kao \u0161to su Google i Facebook kako bismo upravljali na\u0161im ogla\u0161avanjem na drugim web stranicama. Na\u0161i nezavisni ogla\u0161iva\u010dki partneri mogu koristiti kola\u010di\u0107e ili sli\u010dne tehnologije na na\u0161oj web stranici i drugim web stranicama kako bi vam pru\u017eili ogla\u0161avanje na osnovu va\u0161ih aktivnosti pregledavanja i interesa ili kako bi prikazivali oglase koji vode na na\u0161u stranicu. Za vi\u0161e informacija o tome kako ciljano ogla\u0161avanje funkcioni\u0161e, mo\u017eete posjetiti edukativnu stranicu Inicijative za mre\u017eno ogla\u0161avanje. Mo\u017eete se isklju\u010diti iz nekih, ali ne svih, online bihevioralnih oglasa kori\u0161tenjem postavki preglednika za blokiranje kola\u010di\u0107a ili obavje\u0161tenje kada je kola\u010di\u0107 postavljen.&nbsp;<br><br>Kontaktirajte nas&nbsp;<br>podr\u0161ka<a href=\"mailto:support@zen2fit.com\">@zen2fit.com<\/a>&nbsp;<br><br>Ponosni smo na povjerenje koje dijelite s nama.&nbsp;<br>Datum posljednje izmjene: septembar 2024.<br><\/p><\/div><\/div>\n<\/div>\n<\/div><\/div>","protected":false},"excerpt":{"rendered":"","protected":false},"author":4,"featured_media":0,"parent":0,"menu_order":0,"comment_status":"closed","ping_status":"closed","template":"","meta":{"_crdt_document":"","_uag_custom_page_level_css":"","_kad_post_transparent":"disable","_kad_post_title":"hide","_kad_post_layout":"","_kad_post_sidebar_id":"","_kad_post_content_style":"unboxed","_kad_post_vertical_padding":"","_kad_post_feature":"","_kad_post_feature_position":"","_kad_post_header":true,"_kad_post_footer":false,"footnotes":""},"class_list":["post-7510","page","type-page","status-publish","hentry"],"uagb_featured_image_src":{"full":false,"thumbnail":false,"medium":false,"medium_large":false,"large":false,"1536x1536":false,"2048x2048":false,"trp-custom-language-flag":false,"depicter-thumbnail":false,"custom-featured-image":false,"gform-image-choice-sm":false,"gform-image-choice-md":false,"gform-image-choice-lg":false,"crp_thumbnail":false},"uagb_author_info":{"display_name":"Ermin Soco","author_link":"https:\/\/zen2fit.com\/bs\/author\/erminsoco\/"},"uagb_comment_info":0,"uagb_excerpt":null,"_links":{"self":[{"href":"https:\/\/zen2fit.com\/bs\/wp-json\/wp\/v2\/pages\/7510","targetHints":{"allow":["GET"]}}],"collection":[{"href":"https:\/\/zen2fit.com\/bs\/wp-json\/wp\/v2\/pages"}],"about":[{"href":"https:\/\/zen2fit.com\/bs\/wp-json\/wp\/v2\/types\/page"}],"author":[{"embeddable":true,"href":"https:\/\/zen2fit.com\/bs\/wp-json\/wp\/v2\/users\/4"}],"replies":[{"embeddable":true,"href":"https:\/\/zen2fit.com\/bs\/wp-json\/wp\/v2\/comments?post=7510"}],"version-history":[{"count":0,"href":"https:\/\/zen2fit.com\/bs\/wp-json\/wp\/v2\/pages\/7510\/revisions"}],"wp:attachment":[{"href":"https:\/\/zen2fit.com\/bs\/wp-json\/wp\/v2\/media?parent=7510"}],"curies":[{"name":"wp","href":"https:\/\/api.w.org\/{rel}","templated":true}]}}